{"id":7921,"date":"2025-11-04T14:23:19","date_gmt":"2025-11-04T14:23:19","guid":{"rendered":"https:\/\/comexbrindes.com.br\/site\/?post_type=product&#038;p=7921"},"modified":"2026-01-27T12:59:44","modified_gmt":"2026-01-27T12:59:44","slug":"coqueteleira-shake-plastica-600-ml-zbx-24921","status":"publish","type":"product","link":"https:\/\/comexbrindes.com.br\/site\/produto\/coqueteleira-shake-plastica-600-ml-zbx-24921\/","title":{"rendered":"COQUETELEIRA SHAKE PL\u00c1STICA, 600 ML &#8211; BX.24921"},"content":{"rendered":"<ul>\n<li>Coqueteleira shake pl\u00e1stica, 600 ML<\/li>\n<li>Escala de medidas<\/li>\n<li>Tampa rosque\u00e1vel, bocal e trava<\/li>\n<li>Acompanha misturador de mola<\/li>\n<li><strong>Tamanho:<\/strong> 22 x 9,8 cm<\/li>\n<li><strong>Cores:<\/strong> verde, azul, preto e vermelho<\/li>\n<li><strong>Grava\u00e7\u00e3o<\/strong> tampografia 1 cor, 1 Lado<\/li>\n<\/ul>\n","protected":false},"excerpt":{"rendered":"<p>Coqueteleira shake pl\u00e1stica, 600 ML Escala de medidas Tampa rosque\u00e1vel, bocal e trava Acompanha misturador de mola Tamanho: 22 x 9,8 cm Cores: verde, azul, preto e vermelho Grava\u00e7\u00e3o tampografia 1 cor, 1 Lado<\/p>\n","protected":false},"featured_media":7924,"template":"","meta":[],"product_cat":[50],"product_tag":[],"class_list":{"0":"post-7921","1":"product","2":"type-product","3":"status-publish","4":"has-post-thumbnail","6":"product_cat-copos-e-canecas","8":"first","9":"instock","10":"shipping-taxable","11":"product-type-simple"},"_links":{"self":[{"href":"https:\/\/comexbrindes.com.br\/site\/wp-json\/wp\/v2\/product\/7921","targetHints":{"allow":["GET"]}}],"collection":[{"href":"https:\/\/comexbrindes.com.br\/site\/wp-json\/wp\/v2\/product"}],"about":[{"href":"https:\/\/comexbrindes.com.br\/site\/wp-json\/wp\/v2\/types\/product"}],"version-history":[{"count":2,"href":"https:\/\/comexbrindes.com.br\/site\/wp-json\/wp\/v2\/product\/7921\/revisions"}],"predecessor-version":[{"id":8290,"href":"https:\/\/comexbrindes.com.br\/site\/wp-json\/wp\/v2\/product\/7921\/revisions\/8290"}],"wp:featuredmedia":[{"embeddable":true,"href":"https:\/\/comexbrindes.com.br\/site\/wp-json\/wp\/v2\/media\/7924"}],"wp:attachment":[{"href":"https:\/\/comexbrindes.com.br\/site\/wp-json\/wp\/v2\/media?parent=7921"}],"wp:term":[{"taxonomy":"product_cat","embeddable":true,"href":"https:\/\/comexbrindes.com.br\/site\/wp-json\/wp\/v2\/product_cat?post=7921"},{"taxonomy":"product_tag","embeddable":true,"href":"https:\/\/comexbrindes.com.br\/site\/wp-json\/wp\/v2\/product_tag?post=7921"}],"curies":[{"name":"wp","href":"https:\/\/api.w.org\/{rel}","templated":true}]}}