{"id":7848,"date":"2025-10-29T19:56:12","date_gmt":"2025-10-29T19:56:12","guid":{"rendered":"https:\/\/comexbrindes.com.br\/site\/?post_type=product&#038;p=7848"},"modified":"2026-01-26T20:58:50","modified_gmt":"2026-01-26T20:58:50","slug":"canecas-aco-escovado-duplo-com-tampa-180-ml-zbx-29370","status":"publish","type":"product","link":"https:\/\/comexbrindes.com.br\/site\/produto\/canecas-aco-escovado-duplo-com-tampa-180-ml-zbx-29370\/","title":{"rendered":"07 CANECA A\u00c7O ESCOVADO, 180 ML &#8211; BX.29370"},"content":{"rendered":"<ul>\n<li>Caneca a\u00e7o escovado duplo, 180ml<\/li>\n<li>Al\u00e7a pl\u00e1stico preto<\/li>\n<li><strong>Tamanho:<\/strong> 10 x 8 x 7 cm<\/li>\n<li><strong>Grava\u00e7\u00e3o<\/strong> tampografia at\u00e9 5 cm em 1 lado, 1 cor<\/li>\n<\/ul>\n","protected":false},"excerpt":{"rendered":"<p>Caneca a\u00e7o escovado duplo, 180ml Al\u00e7a pl\u00e1stico preto Tamanho: 10 x 8 x 7 cm Grava\u00e7\u00e3o tampografia at\u00e9 5 cm em 1 lado, 1 cor<\/p>\n","protected":false},"featured_media":8117,"template":"","meta":[],"product_cat":[50],"product_tag":[],"class_list":{"0":"post-7848","1":"product","2":"type-product","3":"status-publish","4":"has-post-thumbnail","6":"product_cat-copos-e-canecas","8":"first","9":"instock","10":"shipping-taxable","11":"product-type-simple"},"_links":{"self":[{"href":"https:\/\/comexbrindes.com.br\/site\/wp-json\/wp\/v2\/product\/7848","targetHints":{"allow":["GET"]}}],"collection":[{"href":"https:\/\/comexbrindes.com.br\/site\/wp-json\/wp\/v2\/product"}],"about":[{"href":"https:\/\/comexbrindes.com.br\/site\/wp-json\/wp\/v2\/types\/product"}],"version-history":[{"count":9,"href":"https:\/\/comexbrindes.com.br\/site\/wp-json\/wp\/v2\/product\/7848\/revisions"}],"predecessor-version":[{"id":8280,"href":"https:\/\/comexbrindes.com.br\/site\/wp-json\/wp\/v2\/product\/7848\/revisions\/8280"}],"wp:featuredmedia":[{"embeddable":true,"href":"https:\/\/comexbrindes.com.br\/site\/wp-json\/wp\/v2\/media\/8117"}],"wp:attachment":[{"href":"https:\/\/comexbrindes.com.br\/site\/wp-json\/wp\/v2\/media?parent=7848"}],"wp:term":[{"taxonomy":"product_cat","embeddable":true,"href":"https:\/\/comexbrindes.com.br\/site\/wp-json\/wp\/v2\/product_cat?post=7848"},{"taxonomy":"product_tag","embeddable":true,"href":"https:\/\/comexbrindes.com.br\/site\/wp-json\/wp\/v2\/product_tag?post=7848"}],"curies":[{"name":"wp","href":"https:\/\/api.w.org\/{rel}","templated":true}]}}