{"id":7842,"date":"2025-10-29T17:37:12","date_gmt":"2025-10-29T17:37:12","guid":{"rendered":"https:\/\/comexbrindes.com.br\/site\/?post_type=product&#038;p=7842"},"modified":"2026-01-26T17:36:08","modified_gmt":"2026-01-26T17:36:08","slug":"bolsa-termica-9l-alca-tirante-zbx-58340","status":"publish","type":"product","link":"https:\/\/comexbrindes.com.br\/site\/produto\/bolsa-termica-9l-alca-tirante-zbx-58340\/","title":{"rendered":"BOLSA T\u00c9RMICA, 9L &#8211; BX.58340"},"content":{"rendered":"<ul>\n<li>Bolsa t\u00e9rmica, 9L, com z\u00edper<\/li>\n<li>Al\u00e7a de m\u00e3o em nylon, tirante, 3 divis\u00f3rias<\/li>\n<li>Parte interna com revestimento t\u00e9rmico para conservar a temperatura dos alimentos e bebidas<\/li>\n<li>N\u00e3o vaza<\/li>\n<li><strong>Tamanho:<\/strong> 26 x 21 x 18 cm<\/li>\n<li><strong>Cores:<\/strong> preto, azul, verde, vermelho e cinza<\/li>\n<li><strong>Grava\u00e7\u00e3o<\/strong> tampografia 1 cor, 1 lado<\/li>\n<\/ul>\n","protected":false},"excerpt":{"rendered":"<p>Bolsa t\u00e9rmica, 9L, com z\u00edper Al\u00e7a de m\u00e3o em nylon, tirante, 3 divis\u00f3rias Parte interna com revestimento t\u00e9rmico para conservar a temperatura dos alimentos e bebidas N\u00e3o vaza Tamanho: 26 x 21 x 18 cm Cores: preto, azul, verde, vermelho e cinza Grava\u00e7\u00e3o tampografia 1 cor, 1 lado<\/p>\n","protected":false},"featured_media":5507,"template":"","meta":[],"product_cat":[61],"product_tag":[],"class_list":{"0":"post-7842","1":"product","2":"type-product","3":"status-publish","4":"has-post-thumbnail","6":"product_cat-bolsas-termicas","8":"first","9":"instock","10":"shipping-taxable","11":"product-type-simple"},"_links":{"self":[{"href":"https:\/\/comexbrindes.com.br\/site\/wp-json\/wp\/v2\/product\/7842","targetHints":{"allow":["GET"]}}],"collection":[{"href":"https:\/\/comexbrindes.com.br\/site\/wp-json\/wp\/v2\/product"}],"about":[{"href":"https:\/\/comexbrindes.com.br\/site\/wp-json\/wp\/v2\/types\/product"}],"version-history":[{"count":4,"href":"https:\/\/comexbrindes.com.br\/site\/wp-json\/wp\/v2\/product\/7842\/revisions"}],"predecessor-version":[{"id":8261,"href":"https:\/\/comexbrindes.com.br\/site\/wp-json\/wp\/v2\/product\/7842\/revisions\/8261"}],"wp:featuredmedia":[{"embeddable":true,"href":"https:\/\/comexbrindes.com.br\/site\/wp-json\/wp\/v2\/media\/5507"}],"wp:attachment":[{"href":"https:\/\/comexbrindes.com.br\/site\/wp-json\/wp\/v2\/media?parent=7842"}],"wp:term":[{"taxonomy":"product_cat","embeddable":true,"href":"https:\/\/comexbrindes.com.br\/site\/wp-json\/wp\/v2\/product_cat?post=7842"},{"taxonomy":"product_tag","embeddable":true,"href":"https:\/\/comexbrindes.com.br\/site\/wp-json\/wp\/v2\/product_tag?post=7842"}],"curies":[{"name":"wp","href":"https:\/\/api.w.org\/{rel}","templated":true}]}}