{"id":7789,"date":"2025-10-22T11:44:19","date_gmt":"2025-10-22T11:44:19","guid":{"rendered":"https:\/\/comexbrindes.com.br\/site\/?post_type=product&#038;p=7789"},"modified":"2025-11-06T18:45:34","modified_gmt":"2025-11-06T18:45:34","slug":"garrafa-inox-pintura-fosca-750-ml-zbx-11071-f","status":"publish","type":"product","link":"https:\/\/comexbrindes.com.br\/site\/produto\/garrafa-inox-pintura-fosca-750-ml-zbx-11071-f\/","title":{"rendered":"30 GARRAFA INOX, PINTURA FOSCA, 750 ML &#8211; ZBX.11071-F"},"content":{"rendered":"<ul>\n<li>Garrafa inox, pintura fosca, 750 ml<\/li>\n<li>Tampa rosque\u00e1vel, n\u00e3o \u00e9 t\u00e9rmica<\/li>\n<li><strong>Tamanho:<\/strong> 25,8 x 6,6 cm<\/li>\n<li><strong>Cores:<\/strong> branco, prata, inox, preto, azul, verde e vermelho<\/li>\n<li><strong>Grava\u00e7\u00e3o<\/strong> laser, 1 lado<\/li>\n<\/ul>\n","protected":false},"excerpt":{"rendered":"<p>Garrafa inox, pintura fosca, 750 ml Tampa rosque\u00e1vel, n\u00e3o \u00e9 t\u00e9rmica Tamanho: 25,8 x 6,6 cm Cores: branco, prata, inox, preto, azul, verde e vermelho Grava\u00e7\u00e3o laser, 1 lado<\/p>\n","protected":false},"featured_media":8003,"template":"","meta":[],"product_cat":[77],"product_tag":[],"class_list":{"0":"post-7789","1":"product","2":"type-product","3":"status-publish","4":"has-post-thumbnail","6":"product_cat-squeezes-garrafas","8":"first","9":"instock","10":"shipping-taxable","11":"product-type-simple"},"_links":{"self":[{"href":"https:\/\/comexbrindes.com.br\/site\/wp-json\/wp\/v2\/product\/7789","targetHints":{"allow":["GET"]}}],"collection":[{"href":"https:\/\/comexbrindes.com.br\/site\/wp-json\/wp\/v2\/product"}],"about":[{"href":"https:\/\/comexbrindes.com.br\/site\/wp-json\/wp\/v2\/types\/product"}],"version-history":[{"count":2,"href":"https:\/\/comexbrindes.com.br\/site\/wp-json\/wp\/v2\/product\/7789\/revisions"}],"predecessor-version":[{"id":7801,"href":"https:\/\/comexbrindes.com.br\/site\/wp-json\/wp\/v2\/product\/7789\/revisions\/7801"}],"wp:featuredmedia":[{"embeddable":true,"href":"https:\/\/comexbrindes.com.br\/site\/wp-json\/wp\/v2\/media\/8003"}],"wp:attachment":[{"href":"https:\/\/comexbrindes.com.br\/site\/wp-json\/wp\/v2\/media?parent=7789"}],"wp:term":[{"taxonomy":"product_cat","embeddable":true,"href":"https:\/\/comexbrindes.com.br\/site\/wp-json\/wp\/v2\/product_cat?post=7789"},{"taxonomy":"product_tag","embeddable":true,"href":"https:\/\/comexbrindes.com.br\/site\/wp-json\/wp\/v2\/product_tag?post=7789"}],"curies":[{"name":"wp","href":"https:\/\/api.w.org\/{rel}","templated":true}]}}