{"id":7786,"date":"2025-10-21T21:08:47","date_gmt":"2025-10-21T21:08:47","guid":{"rendered":"https:\/\/comexbrindes.com.br\/site\/?post_type=product&#038;p=7786"},"modified":"2026-01-27T13:01:06","modified_gmt":"2026-01-27T13:01:06","slug":"squeeze-aluminio-rosa-fosco-750-ml-zbx-11071-f","status":"publish","type":"product","link":"https:\/\/comexbrindes.com.br\/site\/produto\/squeeze-aluminio-rosa-fosco-750-ml-zbx-11071-f\/","title":{"rendered":"32 SQUEEZE META, 750 ML &#8211; BX.11071-C-ROS"},"content":{"rendered":"<ul>\n<li>Squeeze metal<\/li>\n<li>750 ml<\/li>\n<li>Pintura brilhante<\/li>\n<li>Tampa rosque\u00e1vel<\/li>\n<li>N\u00e3o \u00e9 t\u00e9rmica<\/li>\n<li><strong>Tamanho:<\/strong> 25,8 x 6,6 cm<\/li>\n<li><strong>Cor<\/strong> rosa<\/li>\n<li><strong>Grava\u00e7\u00e3o<\/strong> laser, 1 lado<\/li>\n<\/ul>\n","protected":false},"excerpt":{"rendered":"<p>Squeeze metal 750 ml Pintura brilhante Tampa rosque\u00e1vel N\u00e3o \u00e9 t\u00e9rmica Tamanho: 25,8 x 6,6 cm Cor rosa Grava\u00e7\u00e3o laser, 1 lado<\/p>\n","protected":false},"featured_media":8088,"template":"","meta":[],"product_cat":[77],"product_tag":[],"class_list":{"0":"post-7786","1":"product","2":"type-product","3":"status-publish","4":"has-post-thumbnail","6":"product_cat-squeezes-garrafas","8":"first","9":"instock","10":"shipping-taxable","11":"product-type-simple"},"_links":{"self":[{"href":"https:\/\/comexbrindes.com.br\/site\/wp-json\/wp\/v2\/product\/7786","targetHints":{"allow":["GET"]}}],"collection":[{"href":"https:\/\/comexbrindes.com.br\/site\/wp-json\/wp\/v2\/product"}],"about":[{"href":"https:\/\/comexbrindes.com.br\/site\/wp-json\/wp\/v2\/types\/product"}],"version-history":[{"count":5,"href":"https:\/\/comexbrindes.com.br\/site\/wp-json\/wp\/v2\/product\/7786\/revisions"}],"predecessor-version":[{"id":8291,"href":"https:\/\/comexbrindes.com.br\/site\/wp-json\/wp\/v2\/product\/7786\/revisions\/8291"}],"wp:featuredmedia":[{"embeddable":true,"href":"https:\/\/comexbrindes.com.br\/site\/wp-json\/wp\/v2\/media\/8088"}],"wp:attachment":[{"href":"https:\/\/comexbrindes.com.br\/site\/wp-json\/wp\/v2\/media?parent=7786"}],"wp:term":[{"taxonomy":"product_cat","embeddable":true,"href":"https:\/\/comexbrindes.com.br\/site\/wp-json\/wp\/v2\/product_cat?post=7786"},{"taxonomy":"product_tag","embeddable":true,"href":"https:\/\/comexbrindes.com.br\/site\/wp-json\/wp\/v2\/product_tag?post=7786"}],"curies":[{"name":"wp","href":"https:\/\/api.w.org\/{rel}","templated":true}]}}