{"id":7742,"date":"2025-10-13T20:45:03","date_gmt":"2025-10-13T20:45:03","guid":{"rendered":"https:\/\/comexbrindes.com.br\/site\/?post_type=product&#038;p=7742"},"modified":"2025-11-19T16:51:19","modified_gmt":"2025-11-19T16:51:19","slug":"squeeze-plastico-infusor-700-ml-tampa-e-alca-para-transporte-zbx-46731","status":"publish","type":"product","link":"https:\/\/comexbrindes.com.br\/site\/produto\/squeeze-plastico-infusor-700-ml-tampa-e-alca-para-transporte-zbx-46731\/","title":{"rendered":"SQUEEZE PL\u00c1STICO, INFUSOR, 700 ML &#8211; ZBX.46731-B"},"content":{"rendered":"<ul>\n<li>Squeeze pl\u00e1stico, infusor, 700 ml, tampa e al\u00e7a para transporte<\/li>\n<li><strong>Tamanho:<\/strong> 25,8 x 6,6 cm<\/li>\n<li><strong>Cores:<\/strong> preto, azul, laranja, vermelho, verde<\/li>\n<li><strong>Grava\u00e7\u00e3o:<\/strong> tampografia 1 cor, 1 lado<\/li>\n<\/ul>\n","protected":false},"excerpt":{"rendered":"<p>Squeeze pl\u00e1stico, infusor, 700 ml, tampa e al\u00e7a para transporte Tamanho: 25,8 x 6,6 cm Cores: preto, azul, laranja, vermelho, verde Grava\u00e7\u00e3o: tampografia 1 cor, 1 lado<\/p>\n","protected":false},"featured_media":7746,"template":"","meta":[],"product_cat":[77],"product_tag":[],"class_list":{"0":"post-7742","1":"product","2":"type-product","3":"status-publish","4":"has-post-thumbnail","6":"product_cat-squeezes-garrafas","8":"first","9":"instock","10":"shipping-taxable","11":"product-type-simple"},"_links":{"self":[{"href":"https:\/\/comexbrindes.com.br\/site\/wp-json\/wp\/v2\/product\/7742","targetHints":{"allow":["GET"]}}],"collection":[{"href":"https:\/\/comexbrindes.com.br\/site\/wp-json\/wp\/v2\/product"}],"about":[{"href":"https:\/\/comexbrindes.com.br\/site\/wp-json\/wp\/v2\/types\/product"}],"version-history":[{"count":5,"href":"https:\/\/comexbrindes.com.br\/site\/wp-json\/wp\/v2\/product\/7742\/revisions"}],"predecessor-version":[{"id":8086,"href":"https:\/\/comexbrindes.com.br\/site\/wp-json\/wp\/v2\/product\/7742\/revisions\/8086"}],"wp:featuredmedia":[{"embeddable":true,"href":"https:\/\/comexbrindes.com.br\/site\/wp-json\/wp\/v2\/media\/7746"}],"wp:attachment":[{"href":"https:\/\/comexbrindes.com.br\/site\/wp-json\/wp\/v2\/media?parent=7742"}],"wp:term":[{"taxonomy":"product_cat","embeddable":true,"href":"https:\/\/comexbrindes.com.br\/site\/wp-json\/wp\/v2\/product_cat?post=7742"},{"taxonomy":"product_tag","embeddable":true,"href":"https:\/\/comexbrindes.com.br\/site\/wp-json\/wp\/v2\/product_tag?post=7742"}],"curies":[{"name":"wp","href":"https:\/\/api.w.org\/{rel}","templated":true}]}}