{"id":7694,"date":"2025-08-29T21:03:00","date_gmt":"2025-08-29T21:03:00","guid":{"rendered":"https:\/\/comexbrindes.com.br\/site\/?post_type=product&#038;p=7694"},"modified":"2026-02-20T18:00:07","modified_gmt":"2026-02-20T18:00:07","slug":"estojo-kit-vinho-madeira-e-inox-formato-garrafa-5-pecas-gravacao-tampografia-1-cor-as-0410-vk","status":"publish","type":"product","link":"https:\/\/comexbrindes.com.br\/site\/produto\/estojo-kit-vinho-madeira-e-inox-formato-garrafa-5-pecas-gravacao-tampografia-1-cor-as-0410-vk\/","title":{"rendered":"ESTOJO KIT VINHO MADEIRA &#8211; AS.0410-VK"},"content":{"rendered":"<ul>\n<li>Estojo kit vinho, madeira e inox, 5 pe\u00e7as<\/li>\n<li>Formato garrafa<\/li>\n<li>Fechamento imantado<\/li>\n<li>\u00c1rea interna com ber\u00e7o de espuma<\/li>\n<li><strong>Tamanho:<\/strong> 32,5 x 7,2 cm<\/li>\n<li><strong> Grava\u00e7\u00e3o:<\/strong> tampografia no estojo, 1 lado<\/li>\n<\/ul>\n","protected":false},"excerpt":{"rendered":"<p>Estojo kit vinho, madeira e inox, 5 pe\u00e7as Formato garrafa Fechamento imantado \u00c1rea interna com ber\u00e7o de espuma Tamanho: 32,5 x 7,2 cm Grava\u00e7\u00e3o: tampografia no estojo, 1 lado<\/p>\n","protected":false},"featured_media":7696,"template":"","meta":[],"product_cat":[95],"product_tag":[],"class_list":{"0":"post-7694","1":"product","2":"type-product","3":"status-publish","4":"has-post-thumbnail","6":"product_cat-queijo-vinho","8":"first","9":"instock","10":"shipping-taxable","11":"product-type-simple"},"_links":{"self":[{"href":"https:\/\/comexbrindes.com.br\/site\/wp-json\/wp\/v2\/product\/7694","targetHints":{"allow":["GET"]}}],"collection":[{"href":"https:\/\/comexbrindes.com.br\/site\/wp-json\/wp\/v2\/product"}],"about":[{"href":"https:\/\/comexbrindes.com.br\/site\/wp-json\/wp\/v2\/types\/product"}],"version-history":[{"count":7,"href":"https:\/\/comexbrindes.com.br\/site\/wp-json\/wp\/v2\/product\/7694\/revisions"}],"predecessor-version":[{"id":8476,"href":"https:\/\/comexbrindes.com.br\/site\/wp-json\/wp\/v2\/product\/7694\/revisions\/8476"}],"wp:featuredmedia":[{"embeddable":true,"href":"https:\/\/comexbrindes.com.br\/site\/wp-json\/wp\/v2\/media\/7696"}],"wp:attachment":[{"href":"https:\/\/comexbrindes.com.br\/site\/wp-json\/wp\/v2\/media?parent=7694"}],"wp:term":[{"taxonomy":"product_cat","embeddable":true,"href":"https:\/\/comexbrindes.com.br\/site\/wp-json\/wp\/v2\/product_cat?post=7694"},{"taxonomy":"product_tag","embeddable":true,"href":"https:\/\/comexbrindes.com.br\/site\/wp-json\/wp\/v2\/product_tag?post=7694"}],"curies":[{"name":"wp","href":"https:\/\/api.w.org\/{rel}","templated":true}]}}