{"id":7682,"date":"2025-08-29T19:42:27","date_gmt":"2025-08-29T19:42:27","guid":{"rendered":"https:\/\/comexbrindes.com.br\/site\/?post_type=product&#038;p=7682"},"modified":"2026-01-26T18:18:20","modified_gmt":"2026-01-26T18:18:20","slug":"churrasco-kit-faca-e-garfao-madeira-e-inox-zbx-34470","status":"publish","type":"product","link":"https:\/\/comexbrindes.com.br\/site\/produto\/churrasco-kit-faca-e-garfao-madeira-e-inox-zbx-34470\/","title":{"rendered":"11 CHURRASCO, KIT FACA E GARF\u00c3O, MADEIRA E INOX &#8211; BX.34470"},"content":{"rendered":"<ul>\n<li>Churracco, kit faca e garf\u00e3o.<\/li>\n<li>Inox e madeira.<\/li>\n<li>Caixa kraft natural.<\/li>\n<li><strong>Tamanho<\/strong>: Estojo 33,9 x 6,7 cm<\/li>\n<li><strong>Grava\u00e7\u00e3o<\/strong> a laser SOMENTE na faca, 1 lado.<\/li>\n<\/ul>\n","protected":false},"excerpt":{"rendered":"<p>Churracco, kit faca e garf\u00e3o. Inox e madeira. Caixa kraft natural. Tamanho: Estojo 33,9 x 6,7 cm Grava\u00e7\u00e3o a laser SOMENTE na faca, 1 lado.<\/p>\n","protected":false},"featured_media":7683,"template":"","meta":[],"product_cat":[64],"product_tag":[],"class_list":{"0":"post-7682","1":"product","2":"type-product","3":"status-publish","4":"has-post-thumbnail","6":"product_cat-churrasco","8":"first","9":"instock","10":"shipping-taxable","11":"product-type-simple"},"_links":{"self":[{"href":"https:\/\/comexbrindes.com.br\/site\/wp-json\/wp\/v2\/product\/7682","targetHints":{"allow":["GET"]}}],"collection":[{"href":"https:\/\/comexbrindes.com.br\/site\/wp-json\/wp\/v2\/product"}],"about":[{"href":"https:\/\/comexbrindes.com.br\/site\/wp-json\/wp\/v2\/types\/product"}],"version-history":[{"count":3,"href":"https:\/\/comexbrindes.com.br\/site\/wp-json\/wp\/v2\/product\/7682\/revisions"}],"predecessor-version":[{"id":8270,"href":"https:\/\/comexbrindes.com.br\/site\/wp-json\/wp\/v2\/product\/7682\/revisions\/8270"}],"wp:featuredmedia":[{"embeddable":true,"href":"https:\/\/comexbrindes.com.br\/site\/wp-json\/wp\/v2\/media\/7683"}],"wp:attachment":[{"href":"https:\/\/comexbrindes.com.br\/site\/wp-json\/wp\/v2\/media?parent=7682"}],"wp:term":[{"taxonomy":"product_cat","embeddable":true,"href":"https:\/\/comexbrindes.com.br\/site\/wp-json\/wp\/v2\/product_cat?post=7682"},{"taxonomy":"product_tag","embeddable":true,"href":"https:\/\/comexbrindes.com.br\/site\/wp-json\/wp\/v2\/product_tag?post=7682"}],"curies":[{"name":"wp","href":"https:\/\/api.w.org\/{rel}","templated":true}]}}