{"id":7657,"date":"2025-08-27T17:43:53","date_gmt":"2025-08-27T17:43:53","guid":{"rendered":"https:\/\/comexbrindes.com.br\/site\/?post_type=product&#038;p=7657"},"modified":"2025-08-27T17:44:24","modified_gmt":"2025-08-27T17:44:24","slug":"chaveiro-inox-abridor-de-garrafas-e-mosquetao-sp-86339","status":"publish","type":"product","link":"https:\/\/comexbrindes.com.br\/site\/produto\/chaveiro-inox-abridor-de-garrafas-e-mosquetao-sp-86339\/","title":{"rendered":"07 CHAVEIRO INOX, ABRIDOR DE GARRAFAS E MOSQUET\u00c3O &#8211; SP.86339"},"content":{"rendered":"<ul>\n<li>Chaveiro inox.<\/li>\n<li>Abridor de garrafas.<\/li>\n<li>Argola e mosquet\u00e3o.<\/li>\n<li><strong>Grava\u00e7\u00e3o<\/strong> laser, 1 lado.<\/li>\n<li><strong>Tamanho:<\/strong> 5,2 x 2,9 cm<\/li>\n<li>Embalagem individual<\/li>\n<\/ul>\n<p>&nbsp;<\/p>\n","protected":false},"excerpt":{"rendered":"<p>Chaveiro inox. Abridor de garrafas. Argola e mosquet\u00e3o. Grava\u00e7\u00e3o laser, 1 lado. Tamanho: 5,2 x 2,9 cm Embalagem individual &nbsp;<\/p>\n","protected":false},"featured_media":7658,"template":"","meta":[],"product_cat":[63],"product_tag":[],"class_list":{"0":"post-7657","1":"product","2":"type-product","3":"status-publish","4":"has-post-thumbnail","6":"product_cat-chaveiros","8":"first","9":"instock","10":"shipping-taxable","11":"product-type-simple"},"_links":{"self":[{"href":"https:\/\/comexbrindes.com.br\/site\/wp-json\/wp\/v2\/product\/7657","targetHints":{"allow":["GET"]}}],"collection":[{"href":"https:\/\/comexbrindes.com.br\/site\/wp-json\/wp\/v2\/product"}],"about":[{"href":"https:\/\/comexbrindes.com.br\/site\/wp-json\/wp\/v2\/types\/product"}],"version-history":[{"count":2,"href":"https:\/\/comexbrindes.com.br\/site\/wp-json\/wp\/v2\/product\/7657\/revisions"}],"predecessor-version":[{"id":7660,"href":"https:\/\/comexbrindes.com.br\/site\/wp-json\/wp\/v2\/product\/7657\/revisions\/7660"}],"wp:featuredmedia":[{"embeddable":true,"href":"https:\/\/comexbrindes.com.br\/site\/wp-json\/wp\/v2\/media\/7658"}],"wp:attachment":[{"href":"https:\/\/comexbrindes.com.br\/site\/wp-json\/wp\/v2\/media?parent=7657"}],"wp:term":[{"taxonomy":"product_cat","embeddable":true,"href":"https:\/\/comexbrindes.com.br\/site\/wp-json\/wp\/v2\/product_cat?post=7657"},{"taxonomy":"product_tag","embeddable":true,"href":"https:\/\/comexbrindes.com.br\/site\/wp-json\/wp\/v2\/product_tag?post=7657"}],"curies":[{"name":"wp","href":"https:\/\/api.w.org\/{rel}","templated":true}]}}