{"id":7645,"date":"2025-08-27T13:49:15","date_gmt":"2025-08-27T13:49:15","guid":{"rendered":"https:\/\/comexbrindes.com.br\/site\/?post_type=product&#038;p=7645"},"modified":"2025-08-27T13:49:53","modified_gmt":"2025-08-27T13:49:53","slug":"toalha-praia-veludo-algodao-cores-acompanha-sacola-sp-57389","status":"publish","type":"product","link":"https:\/\/comexbrindes.com.br\/site\/produto\/toalha-praia-veludo-algodao-cores-acompanha-sacola-sp-57389\/","title":{"rendered":"TOALHA PRAIA, VELUDO ALGOD\u00c3O, CORES, ACOMPANHA SACOLA &#8211; SP.57389"},"content":{"rendered":"<ul>\n<li>Toalha praia, veludo algod\u00e3o.<\/li>\n<li>320 g\/m\u00b2<\/li>\n<li>Varias cores.<\/li>\n<li>Acompanha sacola TNT (80 g\/m\u00b2)<\/li>\n<li><strong>Grava\u00e7\u00e3o:<\/strong> bordado, 1 posi\u00e7\u00e3o.<\/li>\n<li><strong>Tamanho:<\/strong> 150 x 75 cm.<\/li>\n<\/ul>\n<p>&nbsp;<\/p>\n<p>&nbsp;<\/p>\n","protected":false},"excerpt":{"rendered":"<p>Toalha praia, veludo algod\u00e3o. 320 g\/m\u00b2 Varias cores. Acompanha sacola TNT (80 g\/m\u00b2) Grava\u00e7\u00e3o: bordado, 1 posi\u00e7\u00e3o. Tamanho: 150 x 75 cm. &nbsp; &nbsp;<\/p>\n","protected":false},"featured_media":7647,"template":"","meta":[],"product_cat":[78],"product_tag":[],"class_list":{"0":"post-7645","1":"product","2":"type-product","3":"status-publish","4":"has-post-thumbnail","6":"product_cat-sol-e-chuva","8":"first","9":"instock","10":"shipping-taxable","11":"product-type-simple"},"_links":{"self":[{"href":"https:\/\/comexbrindes.com.br\/site\/wp-json\/wp\/v2\/product\/7645","targetHints":{"allow":["GET"]}}],"collection":[{"href":"https:\/\/comexbrindes.com.br\/site\/wp-json\/wp\/v2\/product"}],"about":[{"href":"https:\/\/comexbrindes.com.br\/site\/wp-json\/wp\/v2\/types\/product"}],"version-history":[{"count":1,"href":"https:\/\/comexbrindes.com.br\/site\/wp-json\/wp\/v2\/product\/7645\/revisions"}],"predecessor-version":[{"id":7649,"href":"https:\/\/comexbrindes.com.br\/site\/wp-json\/wp\/v2\/product\/7645\/revisions\/7649"}],"wp:featuredmedia":[{"embeddable":true,"href":"https:\/\/comexbrindes.com.br\/site\/wp-json\/wp\/v2\/media\/7647"}],"wp:attachment":[{"href":"https:\/\/comexbrindes.com.br\/site\/wp-json\/wp\/v2\/media?parent=7645"}],"wp:term":[{"taxonomy":"product_cat","embeddable":true,"href":"https:\/\/comexbrindes.com.br\/site\/wp-json\/wp\/v2\/product_cat?post=7645"},{"taxonomy":"product_tag","embeddable":true,"href":"https:\/\/comexbrindes.com.br\/site\/wp-json\/wp\/v2\/product_tag?post=7645"}],"curies":[{"name":"wp","href":"https:\/\/api.w.org\/{rel}","templated":true}]}}