{"id":7552,"date":"2025-08-21T17:26:21","date_gmt":"2025-08-21T17:26:21","guid":{"rendered":"https:\/\/comexbrindes.com.br\/site\/?post_type=product&#038;p=7552"},"modified":"2026-02-09T12:24:07","modified_gmt":"2026-02-09T12:24:07","slug":"caneta-esfero-plastica-elementos-preto-e-prata-zbx-98020","status":"publish","type":"product","link":"https:\/\/comexbrindes.com.br\/site\/produto\/caneta-esfero-plastica-elementos-preto-e-prata-zbx-98020\/","title":{"rendered":"CANETA ESFERO PL\u00c1STICA, ELEMENTOS PRETO E PRATA &#8211; BX.98020"},"content":{"rendered":"<ul>\n<li>Caneta esfero pl\u00e1stica<\/li>\n<li>Elementos preto e prata<\/li>\n<li>Escrita azul<\/li>\n<li><strong>Tamanho:<\/strong> 14,1 x 1,4 cm<\/li>\n<li><strong>Cores:<\/strong> azul, verde, vermelho e laranja<\/li>\n<li><strong>Grava\u00e7\u00e3o<\/strong> tampografia 1 cor, 1 lado<\/li>\n<\/ul>\n<p><!--more--><\/p>\n","protected":false},"excerpt":{"rendered":"<p>Caneta esfero pl\u00e1stica Elementos preto e prata Escrita azul Tamanho: 14,1 x 1,4 cm Cores: azul, verde, vermelho e laranja Grava\u00e7\u00e3o tampografia 1 cor, 1 lado<\/p>\n","protected":false},"featured_media":7554,"template":"","meta":[],"product_cat":[69,73],"product_tag":[],"class_list":{"0":"post-7552","1":"product","2":"type-product","3":"status-publish","4":"has-post-thumbnail","6":"product_cat-canetas","7":"product_cat-canetas-plasticas","9":"first","10":"instock","11":"shipping-taxable","12":"product-type-simple"},"_links":{"self":[{"href":"https:\/\/comexbrindes.com.br\/site\/wp-json\/wp\/v2\/product\/7552","targetHints":{"allow":["GET"]}}],"collection":[{"href":"https:\/\/comexbrindes.com.br\/site\/wp-json\/wp\/v2\/product"}],"about":[{"href":"https:\/\/comexbrindes.com.br\/site\/wp-json\/wp\/v2\/types\/product"}],"version-history":[{"count":6,"href":"https:\/\/comexbrindes.com.br\/site\/wp-json\/wp\/v2\/product\/7552\/revisions"}],"predecessor-version":[{"id":8424,"href":"https:\/\/comexbrindes.com.br\/site\/wp-json\/wp\/v2\/product\/7552\/revisions\/8424"}],"wp:featuredmedia":[{"embeddable":true,"href":"https:\/\/comexbrindes.com.br\/site\/wp-json\/wp\/v2\/media\/7554"}],"wp:attachment":[{"href":"https:\/\/comexbrindes.com.br\/site\/wp-json\/wp\/v2\/media?parent=7552"}],"wp:term":[{"taxonomy":"product_cat","embeddable":true,"href":"https:\/\/comexbrindes.com.br\/site\/wp-json\/wp\/v2\/product_cat?post=7552"},{"taxonomy":"product_tag","embeddable":true,"href":"https:\/\/comexbrindes.com.br\/site\/wp-json\/wp\/v2\/product_tag?post=7552"}],"curies":[{"name":"wp","href":"https:\/\/api.w.org\/{rel}","templated":true}]}}