{"id":7532,"date":"2025-08-19T21:05:34","date_gmt":"2025-08-19T21:05:34","guid":{"rendered":"https:\/\/comexbrindes.com.br\/site\/?post_type=product&#038;p=7532"},"modified":"2026-02-06T20:25:27","modified_gmt":"2026-02-06T20:25:27","slug":"caneta-esfero-plastica-preta-elementos-coloridos-zbx-31531","status":"publish","type":"product","link":"https:\/\/comexbrindes.com.br\/site\/produto\/caneta-esfero-plastica-preta-elementos-coloridos-zbx-31531\/","title":{"rendered":"17 CANETA  ESFERO PL\u00c1STICA PRETA, ELEMENTOS COLORIDOS &#8211; BX.31531"},"content":{"rendered":"<ul>\n<li>Caneta esfero pl\u00e1stica preta.<\/li>\n<li>Elementos coloridos.<\/li>\n<li><strong>Tamanho: <\/strong>14,0 x 1,4 cm<\/li>\n<li><strong>Cores:<\/strong> azul, verde, rosa, vermelho, prata e cinza.<\/li>\n<li><strong>Grava\u00e7\u00e3o<\/strong> tampografia, 1 cor, 1 lado.<\/li>\n<\/ul>\n","protected":false},"excerpt":{"rendered":"<p>Caneta esfero pl\u00e1stica preta. Elementos coloridos. Tamanho: 14,0 x 1,4 cm Cores: azul, verde, rosa, vermelho, prata e cinza. Grava\u00e7\u00e3o tampografia, 1 cor, 1 lado.<\/p>\n","protected":false},"featured_media":7533,"template":"","meta":[],"product_cat":[69,73],"product_tag":[],"class_list":{"0":"post-7532","1":"product","2":"type-product","3":"status-publish","4":"has-post-thumbnail","6":"product_cat-canetas","7":"product_cat-canetas-plasticas","9":"first","10":"instock","11":"shipping-taxable","12":"product-type-simple"},"_links":{"self":[{"href":"https:\/\/comexbrindes.com.br\/site\/wp-json\/wp\/v2\/product\/7532","targetHints":{"allow":["GET"]}}],"collection":[{"href":"https:\/\/comexbrindes.com.br\/site\/wp-json\/wp\/v2\/product"}],"about":[{"href":"https:\/\/comexbrindes.com.br\/site\/wp-json\/wp\/v2\/types\/product"}],"version-history":[{"count":5,"href":"https:\/\/comexbrindes.com.br\/site\/wp-json\/wp\/v2\/product\/7532\/revisions"}],"predecessor-version":[{"id":8403,"href":"https:\/\/comexbrindes.com.br\/site\/wp-json\/wp\/v2\/product\/7532\/revisions\/8403"}],"wp:featuredmedia":[{"embeddable":true,"href":"https:\/\/comexbrindes.com.br\/site\/wp-json\/wp\/v2\/media\/7533"}],"wp:attachment":[{"href":"https:\/\/comexbrindes.com.br\/site\/wp-json\/wp\/v2\/media?parent=7532"}],"wp:term":[{"taxonomy":"product_cat","embeddable":true,"href":"https:\/\/comexbrindes.com.br\/site\/wp-json\/wp\/v2\/product_cat?post=7532"},{"taxonomy":"product_tag","embeddable":true,"href":"https:\/\/comexbrindes.com.br\/site\/wp-json\/wp\/v2\/product_tag?post=7532"}],"curies":[{"name":"wp","href":"https:\/\/api.w.org\/{rel}","templated":true}]}}