{"id":7509,"date":"2025-08-19T17:25:51","date_gmt":"2025-08-19T17:25:51","guid":{"rendered":"https:\/\/comexbrindes.com.br\/site\/?post_type=product&#038;p=7509"},"modified":"2026-01-23T14:05:54","modified_gmt":"2026-01-23T14:05:54","slug":"caneta-esfero-metal-touch-zbx-78060-c","status":"publish","type":"product","link":"https:\/\/comexbrindes.com.br\/site\/produto\/caneta-esfero-metal-touch-zbx-78060-c\/","title":{"rendered":"14 CANETA  ESFERO METAL, TOUCH &#8211; BX.78060-C"},"content":{"rendered":"<ul>\n<li>Canetas esfero metal.<\/li>\n<li>Touch.<\/li>\n<li>Clip met\u00e1lico e ponteira pl\u00e1stica.<\/li>\n<li><strong>Tamanho:<\/strong> 14,4 x 1,6 cm.<\/li>\n<li><strong> Cores:<\/strong> rosa, prata, dourado, chumbo e bronze.<\/li>\n<li><strong>Grava\u00e7\u00e3o<\/strong> laser, 1 lado.<\/li>\n<\/ul>\n","protected":false},"excerpt":{"rendered":"<p>Canetas esfero metal. Touch. Clip met\u00e1lico e ponteira pl\u00e1stica. Tamanho: 14,4 x 1,6 cm. Cores: rosa, prata, dourado, chumbo e bronze. Grava\u00e7\u00e3o laser, 1 lado.<\/p>\n","protected":false},"featured_media":7510,"template":"","meta":[],"product_cat":[69,71],"product_tag":[],"class_list":{"0":"post-7509","1":"product","2":"type-product","3":"status-publish","4":"has-post-thumbnail","6":"product_cat-canetas","7":"product_cat-canetas-metal","9":"first","10":"instock","11":"shipping-taxable","12":"product-type-simple"},"_links":{"self":[{"href":"https:\/\/comexbrindes.com.br\/site\/wp-json\/wp\/v2\/product\/7509","targetHints":{"allow":["GET"]}}],"collection":[{"href":"https:\/\/comexbrindes.com.br\/site\/wp-json\/wp\/v2\/product"}],"about":[{"href":"https:\/\/comexbrindes.com.br\/site\/wp-json\/wp\/v2\/types\/product"}],"version-history":[{"count":4,"href":"https:\/\/comexbrindes.com.br\/site\/wp-json\/wp\/v2\/product\/7509\/revisions"}],"predecessor-version":[{"id":8180,"href":"https:\/\/comexbrindes.com.br\/site\/wp-json\/wp\/v2\/product\/7509\/revisions\/8180"}],"wp:featuredmedia":[{"embeddable":true,"href":"https:\/\/comexbrindes.com.br\/site\/wp-json\/wp\/v2\/media\/7510"}],"wp:attachment":[{"href":"https:\/\/comexbrindes.com.br\/site\/wp-json\/wp\/v2\/media?parent=7509"}],"wp:term":[{"taxonomy":"product_cat","embeddable":true,"href":"https:\/\/comexbrindes.com.br\/site\/wp-json\/wp\/v2\/product_cat?post=7509"},{"taxonomy":"product_tag","embeddable":true,"href":"https:\/\/comexbrindes.com.br\/site\/wp-json\/wp\/v2\/product_tag?post=7509"}],"curies":[{"name":"wp","href":"https:\/\/api.w.org\/{rel}","templated":true}]}}