{"id":7417,"date":"2025-08-14T19:27:49","date_gmt":"2025-08-14T19:27:49","guid":{"rendered":"https:\/\/comexbrindes.com.br\/site\/?post_type=product&#038;p=7417"},"modified":"2026-01-23T13:25:44","modified_gmt":"2026-01-23T13:25:44","slug":"32-caneta-esfero-metal-cores-diametro-menor-zbx-341-re","status":"publish","type":"product","link":"https:\/\/comexbrindes.com.br\/site\/produto\/32-caneta-esfero-metal-cores-diametro-menor-zbx-341-re\/","title":{"rendered":"23 CANETA  ESFERO METAL, CORES  (DI\u00c2METRO MENOR) &#8211; BX.341.RE"},"content":{"rendered":"<ul>\n<li>Caneta esfero metal (di\u00e2metro menor ).<\/li>\n<li><strong>Tamanho:<\/strong> 13,7 x 1,2 cm<\/li>\n<li><strong>Cores:<\/strong> azul, verde, bordo, vermelho, prata e preto.<\/li>\n<li><strong>Grava\u00e7\u00e3o<\/strong> a laser, 1 lado<\/li>\n<\/ul>\n","protected":false},"excerpt":{"rendered":"<p>Caneta esfero metal (di\u00e2metro menor ). Tamanho: 13,7 x 1,2 cm Cores: azul, verde, bordo, vermelho, prata e preto. Grava\u00e7\u00e3o a laser, 1 lado<\/p>\n","protected":false},"featured_media":7419,"template":"","meta":[],"product_cat":[69,71],"product_tag":[],"class_list":{"0":"post-7417","1":"product","2":"type-product","3":"status-publish","4":"has-post-thumbnail","6":"product_cat-canetas","7":"product_cat-canetas-metal","9":"first","10":"instock","11":"shipping-taxable","12":"product-type-simple"},"_links":{"self":[{"href":"https:\/\/comexbrindes.com.br\/site\/wp-json\/wp\/v2\/product\/7417","targetHints":{"allow":["GET"]}}],"collection":[{"href":"https:\/\/comexbrindes.com.br\/site\/wp-json\/wp\/v2\/product"}],"about":[{"href":"https:\/\/comexbrindes.com.br\/site\/wp-json\/wp\/v2\/types\/product"}],"version-history":[{"count":3,"href":"https:\/\/comexbrindes.com.br\/site\/wp-json\/wp\/v2\/product\/7417\/revisions"}],"predecessor-version":[{"id":8172,"href":"https:\/\/comexbrindes.com.br\/site\/wp-json\/wp\/v2\/product\/7417\/revisions\/8172"}],"wp:featuredmedia":[{"embeddable":true,"href":"https:\/\/comexbrindes.com.br\/site\/wp-json\/wp\/v2\/media\/7419"}],"wp:attachment":[{"href":"https:\/\/comexbrindes.com.br\/site\/wp-json\/wp\/v2\/media?parent=7417"}],"wp:term":[{"taxonomy":"product_cat","embeddable":true,"href":"https:\/\/comexbrindes.com.br\/site\/wp-json\/wp\/v2\/product_cat?post=7417"},{"taxonomy":"product_tag","embeddable":true,"href":"https:\/\/comexbrindes.com.br\/site\/wp-json\/wp\/v2\/product_tag?post=7417"}],"curies":[{"name":"wp","href":"https:\/\/api.w.org\/{rel}","templated":true}]}}