{"id":7413,"date":"2025-08-14T18:40:24","date_gmt":"2025-08-14T18:40:24","guid":{"rendered":"https:\/\/comexbrindes.com.br\/site\/?post_type=product&#038;p=7413"},"modified":"2026-01-23T14:10:35","modified_gmt":"2026-01-23T14:10:35","slug":"31-caneta-esfero-metal-touch-zbx-16180-t","status":"publish","type":"product","link":"https:\/\/comexbrindes.com.br\/site\/produto\/31-caneta-esfero-metal-touch-zbx-16180-t\/","title":{"rendered":"16 CANETA  ESFERO METAL, TOUCH &#8211; BX.16180-T"},"content":{"rendered":"<ul>\n<li style=\"text-align: left;\">Canetas esfero metal.<\/li>\n<li>Touch.<\/li>\n<li>Clipe met\u00e1lico e ponteira pl\u00e1stica.<\/li>\n<li><strong>Tamanho:<\/strong> 14,3 x 1,4 cm.<\/li>\n<li><strong>Cores:<\/strong> rosa, prata, dourado, chumbo e bronze.<\/li>\n<li><strong>Grava\u00e7\u00e3o<\/strong> a laser, 1 lado.<\/li>\n<\/ul>\n","protected":false},"excerpt":{"rendered":"<p>Canetas esfero metal. Touch. Clipe met\u00e1lico e ponteira pl\u00e1stica. Tamanho: 14,3 x 1,4 cm. Cores: rosa, prata, dourado, chumbo e bronze. Grava\u00e7\u00e3o a laser, 1 lado.<\/p>\n","protected":false},"featured_media":7414,"template":"","meta":[],"product_cat":[69,71],"product_tag":[],"class_list":{"0":"post-7413","1":"product","2":"type-product","3":"status-publish","4":"has-post-thumbnail","6":"product_cat-canetas","7":"product_cat-canetas-metal","9":"first","10":"instock","11":"shipping-taxable","12":"product-type-simple"},"_links":{"self":[{"href":"https:\/\/comexbrindes.com.br\/site\/wp-json\/wp\/v2\/product\/7413","targetHints":{"allow":["GET"]}}],"collection":[{"href":"https:\/\/comexbrindes.com.br\/site\/wp-json\/wp\/v2\/product"}],"about":[{"href":"https:\/\/comexbrindes.com.br\/site\/wp-json\/wp\/v2\/types\/product"}],"version-history":[{"count":4,"href":"https:\/\/comexbrindes.com.br\/site\/wp-json\/wp\/v2\/product\/7413\/revisions"}],"predecessor-version":[{"id":8183,"href":"https:\/\/comexbrindes.com.br\/site\/wp-json\/wp\/v2\/product\/7413\/revisions\/8183"}],"wp:featuredmedia":[{"embeddable":true,"href":"https:\/\/comexbrindes.com.br\/site\/wp-json\/wp\/v2\/media\/7414"}],"wp:attachment":[{"href":"https:\/\/comexbrindes.com.br\/site\/wp-json\/wp\/v2\/media?parent=7413"}],"wp:term":[{"taxonomy":"product_cat","embeddable":true,"href":"https:\/\/comexbrindes.com.br\/site\/wp-json\/wp\/v2\/product_cat?post=7413"},{"taxonomy":"product_tag","embeddable":true,"href":"https:\/\/comexbrindes.com.br\/site\/wp-json\/wp\/v2\/product_tag?post=7413"}],"curies":[{"name":"wp","href":"https:\/\/api.w.org\/{rel}","templated":true}]}}