{"id":7409,"date":"2025-08-14T18:26:25","date_gmt":"2025-08-14T18:26:25","guid":{"rendered":"https:\/\/comexbrindes.com.br\/site\/?post_type=product&#038;p=7409"},"modified":"2026-01-23T13:55:46","modified_gmt":"2026-01-23T13:55:46","slug":"30-caneta-esfero-aluminio-acabamento-emborrachado-zbx-78060-b","status":"publish","type":"product","link":"https:\/\/comexbrindes.com.br\/site\/produto\/30-caneta-esfero-aluminio-acabamento-emborrachado-zbx-78060-b\/","title":{"rendered":"30 CANETA  ESFERO ALUM\u00cdNIO ACABAMENTO EMBORRACHADO &#8211; BX.78060-B"},"content":{"rendered":"<ul>\n<li>Canetas esfero alum\u00ednio com acabamento emborrachado.<\/li>\n<li><strong>Tamanho:<\/strong> 14,4 x 1,6 cm<\/li>\n<li><strong>Cores:<\/strong> rosa, prata, verde, chumbo, preto, vermelho e azul.<\/li>\n<li><strong>Grava\u00e7\u00e3o<\/strong> laser, 1 lado.<\/li>\n<\/ul>\n","protected":false},"excerpt":{"rendered":"<p>Canetas esfero alum\u00ednio com acabamento emborrachado. Tamanho: 14,4 x 1,6 cm Cores: rosa, prata, verde, chumbo, preto, vermelho e azul. Grava\u00e7\u00e3o laser, 1 lado.<\/p>\n","protected":false},"featured_media":7410,"template":"","meta":[],"product_cat":[69,71],"product_tag":[],"class_list":{"0":"post-7409","1":"product","2":"type-product","3":"status-publish","4":"has-post-thumbnail","6":"product_cat-canetas","7":"product_cat-canetas-metal","9":"first","10":"instock","11":"shipping-taxable","12":"product-type-simple"},"_links":{"self":[{"href":"https:\/\/comexbrindes.com.br\/site\/wp-json\/wp\/v2\/product\/7409","targetHints":{"allow":["GET"]}}],"collection":[{"href":"https:\/\/comexbrindes.com.br\/site\/wp-json\/wp\/v2\/product"}],"about":[{"href":"https:\/\/comexbrindes.com.br\/site\/wp-json\/wp\/v2\/types\/product"}],"version-history":[{"count":3,"href":"https:\/\/comexbrindes.com.br\/site\/wp-json\/wp\/v2\/product\/7409\/revisions"}],"predecessor-version":[{"id":8176,"href":"https:\/\/comexbrindes.com.br\/site\/wp-json\/wp\/v2\/product\/7409\/revisions\/8176"}],"wp:featuredmedia":[{"embeddable":true,"href":"https:\/\/comexbrindes.com.br\/site\/wp-json\/wp\/v2\/media\/7410"}],"wp:attachment":[{"href":"https:\/\/comexbrindes.com.br\/site\/wp-json\/wp\/v2\/media?parent=7409"}],"wp:term":[{"taxonomy":"product_cat","embeddable":true,"href":"https:\/\/comexbrindes.com.br\/site\/wp-json\/wp\/v2\/product_cat?post=7409"},{"taxonomy":"product_tag","embeddable":true,"href":"https:\/\/comexbrindes.com.br\/site\/wp-json\/wp\/v2\/product_tag?post=7409"}],"curies":[{"name":"wp","href":"https:\/\/api.w.org\/{rel}","templated":true}]}}