{"id":7373,"date":"2025-08-14T12:42:24","date_gmt":"2025-08-14T12:42:24","guid":{"rendered":"https:\/\/comexbrindes.com.br\/site\/?post_type=product&#038;p=7373"},"modified":"2026-01-23T18:53:18","modified_gmt":"2026-01-23T18:53:18","slug":"canetas-esfero-plastica-marca-texto-zbx-7302-re","status":"publish","type":"product","link":"https:\/\/comexbrindes.com.br\/site\/produto\/canetas-esfero-plastica-marca-texto-zbx-7302-re\/","title":{"rendered":"01 CANETAS ESFERO PL\u00c1STICA, MARCA TEXTO &#8211; BX.7302.RE"},"content":{"rendered":"<ul>\n<li>Caneta esfero pl\u00e1stica, prata.<\/li>\n<li>Marca texto amarelo.<\/li>\n<li>Tampa de prote\u00e7\u00e3o transparente.<\/li>\n<li>Detalhe emborrachado.<\/li>\n<li><strong>Tamanho:<\/strong> 14,8 x 1,7 cm.<\/li>\n<li><strong>Grava\u00e7\u00e3o:<\/strong> tampografia1 cor, 1 lado.<\/li>\n<\/ul>\n","protected":false},"excerpt":{"rendered":"<p>Caneta esfero pl\u00e1stica, prata. Marca texto amarelo. Tampa de prote\u00e7\u00e3o transparente. Detalhe emborrachado. Tamanho: 14,8 x 1,7 cm. Grava\u00e7\u00e3o: tampografia1 cor, 1 lado.<\/p>\n","protected":false},"featured_media":7374,"template":"","meta":[],"product_cat":[69,72],"product_tag":[],"class_list":{"0":"post-7373","1":"product","2":"type-product","3":"status-publish","4":"has-post-thumbnail","6":"product_cat-canetas","7":"product_cat-marca-texto","9":"first","10":"instock","11":"shipping-taxable","12":"product-type-simple"},"_links":{"self":[{"href":"https:\/\/comexbrindes.com.br\/site\/wp-json\/wp\/v2\/product\/7373","targetHints":{"allow":["GET"]}}],"collection":[{"href":"https:\/\/comexbrindes.com.br\/site\/wp-json\/wp\/v2\/product"}],"about":[{"href":"https:\/\/comexbrindes.com.br\/site\/wp-json\/wp\/v2\/types\/product"}],"version-history":[{"count":4,"href":"https:\/\/comexbrindes.com.br\/site\/wp-json\/wp\/v2\/product\/7373\/revisions"}],"predecessor-version":[{"id":8235,"href":"https:\/\/comexbrindes.com.br\/site\/wp-json\/wp\/v2\/product\/7373\/revisions\/8235"}],"wp:featuredmedia":[{"embeddable":true,"href":"https:\/\/comexbrindes.com.br\/site\/wp-json\/wp\/v2\/media\/7374"}],"wp:attachment":[{"href":"https:\/\/comexbrindes.com.br\/site\/wp-json\/wp\/v2\/media?parent=7373"}],"wp:term":[{"taxonomy":"product_cat","embeddable":true,"href":"https:\/\/comexbrindes.com.br\/site\/wp-json\/wp\/v2\/product_cat?post=7373"},{"taxonomy":"product_tag","embeddable":true,"href":"https:\/\/comexbrindes.com.br\/site\/wp-json\/wp\/v2\/product_tag?post=7373"}],"curies":[{"name":"wp","href":"https:\/\/api.w.org\/{rel}","templated":true}]}}