{"id":7356,"date":"2025-08-13T19:22:35","date_gmt":"2025-08-13T19:22:35","guid":{"rendered":"https:\/\/comexbrindes.com.br\/site\/?post_type=product&#038;p=7356"},"modified":"2025-08-13T19:24:06","modified_gmt":"2025-08-13T19:24:06","slug":"kit-churrasco-4-pecas-as-1020-ck","status":"publish","type":"product","link":"https:\/\/comexbrindes.com.br\/site\/produto\/kit-churrasco-4-pecas-as-1020-ck\/","title":{"rendered":"16 KIT CHURRASCO, 4 PE\u00c7AS &#8211; AS.1020-CK"},"content":{"rendered":"<p>&nbsp;<\/p>\n<ul>\n<li>Kit churrasco, 4 pe\u00e7as.<\/li>\n<li>Churrasco, t\u00e1bua bambu, faca 8\u201d, afiador e garf\u00e3o.<\/li>\n<li><strong>Tamanho:<\/strong> 32,3 x 20 x 1,2 cm<\/li>\n<li><strong>Grava\u00e7\u00e3o:<\/strong> laser na faca.<\/li>\n<li>Estojo presente kraft.<\/li>\n<\/ul>\n<p>&nbsp;<\/p>\n<p>&nbsp;<\/p>\n","protected":false},"excerpt":{"rendered":"<p>&nbsp; Kit churrasco, 4 pe\u00e7as. Churrasco, t\u00e1bua bambu, faca 8\u201d, afiador e garf\u00e3o. Tamanho: 32,3 x 20 x 1,2 cm Grava\u00e7\u00e3o: laser na faca. Estojo presente kraft. &nbsp; &nbsp;<\/p>\n","protected":false},"featured_media":7357,"template":"","meta":[],"product_cat":[64],"product_tag":[],"class_list":{"0":"post-7356","1":"product","2":"type-product","3":"status-publish","4":"has-post-thumbnail","6":"product_cat-churrasco","8":"first","9":"instock","10":"shipping-taxable","11":"product-type-simple"},"_links":{"self":[{"href":"https:\/\/comexbrindes.com.br\/site\/wp-json\/wp\/v2\/product\/7356","targetHints":{"allow":["GET"]}}],"collection":[{"href":"https:\/\/comexbrindes.com.br\/site\/wp-json\/wp\/v2\/product"}],"about":[{"href":"https:\/\/comexbrindes.com.br\/site\/wp-json\/wp\/v2\/types\/product"}],"version-history":[{"count":2,"href":"https:\/\/comexbrindes.com.br\/site\/wp-json\/wp\/v2\/product\/7356\/revisions"}],"predecessor-version":[{"id":7359,"href":"https:\/\/comexbrindes.com.br\/site\/wp-json\/wp\/v2\/product\/7356\/revisions\/7359"}],"wp:featuredmedia":[{"embeddable":true,"href":"https:\/\/comexbrindes.com.br\/site\/wp-json\/wp\/v2\/media\/7357"}],"wp:attachment":[{"href":"https:\/\/comexbrindes.com.br\/site\/wp-json\/wp\/v2\/media?parent=7356"}],"wp:term":[{"taxonomy":"product_cat","embeddable":true,"href":"https:\/\/comexbrindes.com.br\/site\/wp-json\/wp\/v2\/product_cat?post=7356"},{"taxonomy":"product_tag","embeddable":true,"href":"https:\/\/comexbrindes.com.br\/site\/wp-json\/wp\/v2\/product_tag?post=7356"}],"curies":[{"name":"wp","href":"https:\/\/api.w.org\/{rel}","templated":true}]}}