{"id":7347,"date":"2025-08-12T18:26:17","date_gmt":"2025-08-12T18:26:17","guid":{"rendered":"https:\/\/comexbrindes.com.br\/site\/?post_type=product&#038;p=7347"},"modified":"2026-01-23T20:07:18","modified_gmt":"2026-01-23T20:07:18","slug":"30-sacola-bag-de-gelo-para-bebidas-zbx-33431-tra-sg","status":"publish","type":"product","link":"https:\/\/comexbrindes.com.br\/site\/produto\/30-sacola-bag-de-gelo-para-bebidas-zbx-33431-tra-sg\/","title":{"rendered":"30 \u2013 SACOLA BAG DE GELO PARA BEBIDAS \u2013 BX.33431-TRA-SG"},"content":{"rendered":"<ul>\n<li>Sacola pl\u00e1stica para gelo com al\u00e7a.<\/li>\n<li>Icebag serve para transportar garrafas exemplo: vinho, champagne, vodka\u2026<\/li>\n<li>Colocar gelo e transportar seu cooler pr\u00e1tico.<\/li>\n<li>OBS.: Para prolongar a vida \u00fatil do material pvc, atente-se as condi\u00e7\u00f5es ideais de armazenamento.<\/li>\n<li>Mantenha o material em local seco e arejado, livre da exposi\u00e7\u00e3o ao sol e altas temperaturas.<\/li>\n<li>Ap\u00f3s a utiliza\u00e7\u00e3o da icebag com gelo, certifique-se de secar completamente o material antes de guard\u00e1-lo.<\/li>\n<li><strong>Tamanho:<\/strong>\u00a0<span class=\"desc-sub\">29,5 x\u00a0<\/span><span class=\"desc-sub\">12 x\u00a0<\/span>10 cm<\/li>\n<li>Sem grava\u00e7\u00e3o.<\/li>\n<\/ul>\n","protected":false},"excerpt":{"rendered":"<p>Sacola pl\u00e1stica para gelo com al\u00e7a. Icebag serve para transportar garrafas exemplo: vinho, champagne, vodka\u2026 Colocar gelo e transportar seu cooler pr\u00e1tico. OBS.: Para prolongar a vida \u00fatil do material pvc, atente-se as condi\u00e7\u00f5es ideais de armazenamento. Mantenha o material em local seco e arejado, livre da exposi\u00e7\u00e3o ao sol e altas temperaturas. Ap\u00f3s a [&hellip;]<\/p>\n","protected":false},"featured_media":7349,"template":"","meta":[],"product_cat":[60],"product_tag":[],"class_list":{"0":"post-7347","1":"product","2":"type-product","3":"status-publish","4":"has-post-thumbnail","6":"product_cat-bar","8":"first","9":"instock","10":"shipping-taxable","11":"product-type-simple"},"_links":{"self":[{"href":"https:\/\/comexbrindes.com.br\/site\/wp-json\/wp\/v2\/product\/7347","targetHints":{"allow":["GET"]}}],"collection":[{"href":"https:\/\/comexbrindes.com.br\/site\/wp-json\/wp\/v2\/product"}],"about":[{"href":"https:\/\/comexbrindes.com.br\/site\/wp-json\/wp\/v2\/types\/product"}],"version-history":[{"count":4,"href":"https:\/\/comexbrindes.com.br\/site\/wp-json\/wp\/v2\/product\/7347\/revisions"}],"predecessor-version":[{"id":8244,"href":"https:\/\/comexbrindes.com.br\/site\/wp-json\/wp\/v2\/product\/7347\/revisions\/8244"}],"wp:featuredmedia":[{"embeddable":true,"href":"https:\/\/comexbrindes.com.br\/site\/wp-json\/wp\/v2\/media\/7349"}],"wp:attachment":[{"href":"https:\/\/comexbrindes.com.br\/site\/wp-json\/wp\/v2\/media?parent=7347"}],"wp:term":[{"taxonomy":"product_cat","embeddable":true,"href":"https:\/\/comexbrindes.com.br\/site\/wp-json\/wp\/v2\/product_cat?post=7347"},{"taxonomy":"product_tag","embeddable":true,"href":"https:\/\/comexbrindes.com.br\/site\/wp-json\/wp\/v2\/product_tag?post=7347"}],"curies":[{"name":"wp","href":"https:\/\/api.w.org\/{rel}","templated":true}]}}