{"id":7343,"date":"2025-08-12T17:54:51","date_gmt":"2025-08-12T17:54:51","guid":{"rendered":"https:\/\/comexbrindes.com.br\/site\/?post_type=product&#038;p=7343"},"modified":"2025-11-07T19:52:54","modified_gmt":"2025-11-07T19:52:54","slug":"sacola-para-garrafa-100-algodao-180-g-m%c2%b2-sp-38829","status":"publish","type":"product","link":"https:\/\/comexbrindes.com.br\/site\/produto\/sacola-para-garrafa-100-algodao-180-g-m%c2%b2-sp-38829\/","title":{"rendered":"26 SACOLA PARA GARRAFA 100% ALGOD\u00c3O &#8211; SP.38829"},"content":{"rendered":"<ul>\n<li>Sacola para garrafa 100% algod\u00e3o (180 g\/m\u00b2)<\/li>\n<li>Fechamento com cord\u00e3o<\/li>\n<li><strong>Grava\u00e7\u00e3o<\/strong> tampografia 1 cor, 1 lado<\/li>\n<\/ul>\n<p>&nbsp;<\/p>\n<p>&nbsp;<\/p>\n","protected":false},"excerpt":{"rendered":"<p>Sacola para garrafa 100% algod\u00e3o (180 g\/m\u00b2) Fechamento com cord\u00e3o Grava\u00e7\u00e3o tampografia 1 cor, 1 lado &nbsp; &nbsp;<\/p>\n","protected":false},"featured_media":7346,"template":"","meta":[],"product_cat":[60],"product_tag":[],"class_list":{"0":"post-7343","1":"product","2":"type-product","3":"status-publish","4":"has-post-thumbnail","6":"product_cat-bar","8":"first","9":"instock","10":"shipping-taxable","11":"product-type-simple"},"_links":{"self":[{"href":"https:\/\/comexbrindes.com.br\/site\/wp-json\/wp\/v2\/product\/7343","targetHints":{"allow":["GET"]}}],"collection":[{"href":"https:\/\/comexbrindes.com.br\/site\/wp-json\/wp\/v2\/product"}],"about":[{"href":"https:\/\/comexbrindes.com.br\/site\/wp-json\/wp\/v2\/types\/product"}],"version-history":[{"count":4,"href":"https:\/\/comexbrindes.com.br\/site\/wp-json\/wp\/v2\/product\/7343\/revisions"}],"predecessor-version":[{"id":8033,"href":"https:\/\/comexbrindes.com.br\/site\/wp-json\/wp\/v2\/product\/7343\/revisions\/8033"}],"wp:featuredmedia":[{"embeddable":true,"href":"https:\/\/comexbrindes.com.br\/site\/wp-json\/wp\/v2\/media\/7346"}],"wp:attachment":[{"href":"https:\/\/comexbrindes.com.br\/site\/wp-json\/wp\/v2\/media?parent=7343"}],"wp:term":[{"taxonomy":"product_cat","embeddable":true,"href":"https:\/\/comexbrindes.com.br\/site\/wp-json\/wp\/v2\/product_cat?post=7343"},{"taxonomy":"product_tag","embeddable":true,"href":"https:\/\/comexbrindes.com.br\/site\/wp-json\/wp\/v2\/product_tag?post=7343"}],"curies":[{"name":"wp","href":"https:\/\/api.w.org\/{rel}","templated":true}]}}