{"id":7331,"date":"2025-08-11T18:53:33","date_gmt":"2025-08-11T18:53:33","guid":{"rendered":"https:\/\/comexbrindes.com.br\/site\/?post_type=product&#038;p=7331"},"modified":"2026-01-23T14:57:31","modified_gmt":"2026-01-23T14:57:31","slug":"15-caneta-esfero-bambu-sp-36118","status":"publish","type":"product","link":"https:\/\/comexbrindes.com.br\/site\/produto\/15-caneta-esfero-bambu-sp-36118\/","title":{"rendered":"15 CANETA ESFERO BAMBU &#8211; SP.36118"},"content":{"rendered":"<ul>\n<li>Caneta esfero bambu.<\/li>\n<li>Clip inox, elementos pl\u00e1stico cromado.<\/li>\n<li>Carga esferogr\u00e1fica azul.<\/li>\n<li><strong>Tamanho:<\/strong> 13,8 x 1,1 cm.<\/li>\n<li><strong>Grava\u00e7\u00e3o:<\/strong> tampografia1 cor, 1 posi\u00e7\u00e3o.<\/li>\n<\/ul>\n","protected":false},"excerpt":{"rendered":"<p>Caneta esfero bambu. Clip inox, elementos pl\u00e1stico cromado. Carga esferogr\u00e1fica azul. Tamanho: 13,8 x 1,1 cm. Grava\u00e7\u00e3o: tampografia1 cor, 1 posi\u00e7\u00e3o.<\/p>\n","protected":false},"featured_media":7333,"template":"","meta":[],"product_cat":[69,70],"product_tag":[],"class_list":{"0":"post-7331","1":"product","2":"type-product","3":"status-publish","4":"has-post-thumbnail","6":"product_cat-canetas","7":"product_cat-canetas-ecologicas","9":"first","10":"instock","11":"shipping-taxable","12":"product-type-simple"},"_links":{"self":[{"href":"https:\/\/comexbrindes.com.br\/site\/wp-json\/wp\/v2\/product\/7331","targetHints":{"allow":["GET"]}}],"collection":[{"href":"https:\/\/comexbrindes.com.br\/site\/wp-json\/wp\/v2\/product"}],"about":[{"href":"https:\/\/comexbrindes.com.br\/site\/wp-json\/wp\/v2\/types\/product"}],"version-history":[{"count":3,"href":"https:\/\/comexbrindes.com.br\/site\/wp-json\/wp\/v2\/product\/7331\/revisions"}],"predecessor-version":[{"id":8198,"href":"https:\/\/comexbrindes.com.br\/site\/wp-json\/wp\/v2\/product\/7331\/revisions\/8198"}],"wp:featuredmedia":[{"embeddable":true,"href":"https:\/\/comexbrindes.com.br\/site\/wp-json\/wp\/v2\/media\/7333"}],"wp:attachment":[{"href":"https:\/\/comexbrindes.com.br\/site\/wp-json\/wp\/v2\/media?parent=7331"}],"wp:term":[{"taxonomy":"product_cat","embeddable":true,"href":"https:\/\/comexbrindes.com.br\/site\/wp-json\/wp\/v2\/product_cat?post=7331"},{"taxonomy":"product_tag","embeddable":true,"href":"https:\/\/comexbrindes.com.br\/site\/wp-json\/wp\/v2\/product_tag?post=7331"}],"curies":[{"name":"wp","href":"https:\/\/api.w.org\/{rel}","templated":true}]}}