{"id":7324,"date":"2025-08-11T18:24:45","date_gmt":"2025-08-11T18:24:45","guid":{"rendered":"https:\/\/comexbrindes.com.br\/site\/?post_type=product&#038;p=7324"},"modified":"2026-01-23T18:06:35","modified_gmt":"2026-01-23T18:06:35","slug":"caneta-esfero-plastica-cores-zbx-78121","status":"publish","type":"product","link":"https:\/\/comexbrindes.com.br\/site\/produto\/caneta-esfero-plastica-cores-zbx-78121\/","title":{"rendered":"04 CANETA  ESFERO PL\u00c1STICA, CORES &#8211; BX.78121"},"content":{"rendered":"<ul>\n<li>Canetas esfero pl\u00e1stica, acionamento por rota\u00e7\u00e3o.<\/li>\n<li>Grava\u00e7\u00e3o tampografia 1 cor, 1 lado<\/li>\n<li>Escrita azul.<\/li>\n<li><strong>Tamanho:<\/strong> 13,1 x 1,2 cm<\/li>\n<li><strong>Cores:<\/strong> vermelho, azul claro, azul escuro, branco, prata, verde, amarelo e preta<\/li>\n<li><strong>Grava\u00e7\u00e3o:<\/strong> tampografia 1 cor, 1 lado<\/li>\n<\/ul>\n","protected":false},"excerpt":{"rendered":"<p>Canetas esfero pl\u00e1stica, acionamento por rota\u00e7\u00e3o. Grava\u00e7\u00e3o tampografia 1 cor, 1 lado Escrita azul. Tamanho: 13,1 x 1,2 cm Cores: vermelho, azul claro, azul escuro, branco, prata, verde, amarelo e preta Grava\u00e7\u00e3o: tampografia 1 cor, 1 lado<\/p>\n","protected":false},"featured_media":7326,"template":"","meta":[],"product_cat":[69,73],"product_tag":[],"class_list":{"0":"post-7324","1":"product","2":"type-product","3":"status-publish","4":"has-post-thumbnail","6":"product_cat-canetas","7":"product_cat-canetas-plasticas","9":"first","10":"instock","11":"shipping-taxable","12":"product-type-simple"},"_links":{"self":[{"href":"https:\/\/comexbrindes.com.br\/site\/wp-json\/wp\/v2\/product\/7324","targetHints":{"allow":["GET"]}}],"collection":[{"href":"https:\/\/comexbrindes.com.br\/site\/wp-json\/wp\/v2\/product"}],"about":[{"href":"https:\/\/comexbrindes.com.br\/site\/wp-json\/wp\/v2\/types\/product"}],"version-history":[{"count":6,"href":"https:\/\/comexbrindes.com.br\/site\/wp-json\/wp\/v2\/product\/7324\/revisions"}],"predecessor-version":[{"id":8220,"href":"https:\/\/comexbrindes.com.br\/site\/wp-json\/wp\/v2\/product\/7324\/revisions\/8220"}],"wp:featuredmedia":[{"embeddable":true,"href":"https:\/\/comexbrindes.com.br\/site\/wp-json\/wp\/v2\/media\/7326"}],"wp:attachment":[{"href":"https:\/\/comexbrindes.com.br\/site\/wp-json\/wp\/v2\/media?parent=7324"}],"wp:term":[{"taxonomy":"product_cat","embeddable":true,"href":"https:\/\/comexbrindes.com.br\/site\/wp-json\/wp\/v2\/product_cat?post=7324"},{"taxonomy":"product_tag","embeddable":true,"href":"https:\/\/comexbrindes.com.br\/site\/wp-json\/wp\/v2\/product_tag?post=7324"}],"curies":[{"name":"wp","href":"https:\/\/api.w.org\/{rel}","templated":true}]}}