{"id":7318,"date":"2025-08-07T20:19:23","date_gmt":"2025-08-07T20:19:23","guid":{"rendered":"https:\/\/comexbrindes.com.br\/site\/?post_type=product&#038;p=7318"},"modified":"2026-01-23T14:23:42","modified_gmt":"2026-01-23T14:23:42","slug":"14-caneta-esfero-bambu-clip-metal-sp-41018","status":"publish","type":"product","link":"https:\/\/comexbrindes.com.br\/site\/produto\/14-caneta-esfero-bambu-clip-metal-sp-41018\/","title":{"rendered":"14 CANETA ESFERO BAMBU, CLIP METAL &#8211; SP.41018"},"content":{"rendered":"<ul>\n<li>Caneta esfero bambu.<\/li>\n<li>Clip inox, elementos coloridos em fibra de trigo e ABS.<\/li>\n<li>Carga esferogr\u00e1fica azul.<\/li>\n<li><strong>Tamanho:<\/strong> 14,2 x 1,1 cm.<\/li>\n<li><strong>Cores:<\/strong> vermelho, azul, preto, natural claro e verde.<\/li>\n<li><strong>Grava\u00e7\u00e3o:<\/strong> tampografia 1 cor, 1 posi\u00e7\u00e3o<\/li>\n<\/ul>\n","protected":false},"excerpt":{"rendered":"<p>Caneta esfero bambu. Clip inox, elementos coloridos em fibra de trigo e ABS. Carga esferogr\u00e1fica azul. Tamanho: 14,2 x 1,1 cm. Cores: vermelho, azul, preto, natural claro e verde. Grava\u00e7\u00e3o: tampografia 1 cor, 1 posi\u00e7\u00e3o<\/p>\n","protected":false},"featured_media":7320,"template":"","meta":[],"product_cat":[69,70],"product_tag":[],"class_list":{"0":"post-7318","1":"product","2":"type-product","3":"status-publish","4":"has-post-thumbnail","6":"product_cat-canetas","7":"product_cat-canetas-ecologicas","9":"first","10":"instock","11":"shipping-taxable","12":"product-type-simple"},"_links":{"self":[{"href":"https:\/\/comexbrindes.com.br\/site\/wp-json\/wp\/v2\/product\/7318","targetHints":{"allow":["GET"]}}],"collection":[{"href":"https:\/\/comexbrindes.com.br\/site\/wp-json\/wp\/v2\/product"}],"about":[{"href":"https:\/\/comexbrindes.com.br\/site\/wp-json\/wp\/v2\/types\/product"}],"version-history":[{"count":3,"href":"https:\/\/comexbrindes.com.br\/site\/wp-json\/wp\/v2\/product\/7318\/revisions"}],"predecessor-version":[{"id":8187,"href":"https:\/\/comexbrindes.com.br\/site\/wp-json\/wp\/v2\/product\/7318\/revisions\/8187"}],"wp:featuredmedia":[{"embeddable":true,"href":"https:\/\/comexbrindes.com.br\/site\/wp-json\/wp\/v2\/media\/7320"}],"wp:attachment":[{"href":"https:\/\/comexbrindes.com.br\/site\/wp-json\/wp\/v2\/media?parent=7318"}],"wp:term":[{"taxonomy":"product_cat","embeddable":true,"href":"https:\/\/comexbrindes.com.br\/site\/wp-json\/wp\/v2\/product_cat?post=7318"},{"taxonomy":"product_tag","embeddable":true,"href":"https:\/\/comexbrindes.com.br\/site\/wp-json\/wp\/v2\/product_tag?post=7318"}],"curies":[{"name":"wp","href":"https:\/\/api.w.org\/{rel}","templated":true}]}}