{"id":7315,"date":"2025-08-07T17:05:17","date_gmt":"2025-08-07T17:05:17","guid":{"rendered":"https:\/\/comexbrindes.com.br\/site\/?post_type=product&#038;p=7315"},"modified":"2026-01-23T14:54:34","modified_gmt":"2026-01-23T14:54:34","slug":"13-caneta-esfero-bambu-clipe-e-ponteira-metal-touch-sp-07719","status":"publish","type":"product","link":"https:\/\/comexbrindes.com.br\/site\/produto\/13-caneta-esfero-bambu-clipe-e-ponteira-metal-touch-sp-07719\/","title":{"rendered":"13 CANETA ESFERO BAMBU, CLIPE E PONTEIRA METAL, TOUCH &#8211; SP.07719"},"content":{"rendered":"<ul>\n<li>Caneta esfero bambu.<\/li>\n<li>Com clip e ponteira em metal.<\/li>\n<li>Acabamento mate, ponteira touch.<\/li>\n<li>carga esferogr\u00e1fica azul.<\/li>\n<li><strong>Tamanho:<\/strong> 14,0 x 1,1 cm.<\/li>\n<li><strong>Grava\u00e7\u00e3o:<\/strong> tampografia 1 cor, 1 lado.<\/li>\n<\/ul>\n","protected":false},"excerpt":{"rendered":"<p>Caneta esfero bambu. Com clip e ponteira em metal. Acabamento mate, ponteira touch. carga esferogr\u00e1fica azul. Tamanho: 14,0 x 1,1 cm. Grava\u00e7\u00e3o: tampografia 1 cor, 1 lado.<\/p>\n","protected":false},"featured_media":7316,"template":"","meta":[],"product_cat":[69,70],"product_tag":[],"class_list":{"0":"post-7315","1":"product","2":"type-product","3":"status-publish","4":"has-post-thumbnail","6":"product_cat-canetas","7":"product_cat-canetas-ecologicas","9":"first","10":"instock","11":"shipping-taxable","12":"product-type-simple"},"_links":{"self":[{"href":"https:\/\/comexbrindes.com.br\/site\/wp-json\/wp\/v2\/product\/7315","targetHints":{"allow":["GET"]}}],"collection":[{"href":"https:\/\/comexbrindes.com.br\/site\/wp-json\/wp\/v2\/product"}],"about":[{"href":"https:\/\/comexbrindes.com.br\/site\/wp-json\/wp\/v2\/types\/product"}],"version-history":[{"count":3,"href":"https:\/\/comexbrindes.com.br\/site\/wp-json\/wp\/v2\/product\/7315\/revisions"}],"predecessor-version":[{"id":8196,"href":"https:\/\/comexbrindes.com.br\/site\/wp-json\/wp\/v2\/product\/7315\/revisions\/8196"}],"wp:featuredmedia":[{"embeddable":true,"href":"https:\/\/comexbrindes.com.br\/site\/wp-json\/wp\/v2\/media\/7316"}],"wp:attachment":[{"href":"https:\/\/comexbrindes.com.br\/site\/wp-json\/wp\/v2\/media?parent=7315"}],"wp:term":[{"taxonomy":"product_cat","embeddable":true,"href":"https:\/\/comexbrindes.com.br\/site\/wp-json\/wp\/v2\/product_cat?post=7315"},{"taxonomy":"product_tag","embeddable":true,"href":"https:\/\/comexbrindes.com.br\/site\/wp-json\/wp\/v2\/product_tag?post=7315"}],"curies":[{"name":"wp","href":"https:\/\/api.w.org\/{rel}","templated":true}]}}