{"id":7310,"date":"2025-08-07T13:41:46","date_gmt":"2025-08-07T13:41:46","guid":{"rendered":"https:\/\/comexbrindes.com.br\/site\/?post_type=product&#038;p=7310"},"modified":"2026-01-23T14:51:30","modified_gmt":"2026-01-23T14:51:30","slug":"12-caneta-esfero-em-cortica-e-elementos-coloridos-em-fibra-de-trigo-e-pp-sp-59719","status":"publish","type":"product","link":"https:\/\/comexbrindes.com.br\/site\/produto\/12-caneta-esfero-em-cortica-e-elementos-coloridos-em-fibra-de-trigo-e-pp-sp-59719\/","title":{"rendered":"12 CANETA  ESFERO EM CORTI\u00c7A E ELEMENTOS COLORIDOS EM FIBRA DE TRIGO E PP &#8211; SP.59719"},"content":{"rendered":"<ul>\n<li>Caneta esfero em corti\u00e7a.<\/li>\n<li>Com clip e elementos coloridos, em fibra de trigo e PP.<\/li>\n<li>Carga esferogr\u00e1fica azul.<\/li>\n<li><strong>Tamanho:<\/strong> 14,0 x 1,1 cm.<\/li>\n<li><strong>Cores:<\/strong> natural claro, verde claro, azul claro.<\/li>\n<li><strong>Grava\u00e7\u00e3o<\/strong> tampografia, 1 lado.<\/li>\n<\/ul>\n","protected":false},"excerpt":{"rendered":"<p>Caneta esfero em corti\u00e7a. Com clip e elementos coloridos, em fibra de trigo e PP. Carga esferogr\u00e1fica azul. Tamanho: 14,0 x 1,1 cm. Cores: natural claro, verde claro, azul claro. Grava\u00e7\u00e3o tampografia, 1 lado.<\/p>\n","protected":false},"featured_media":7311,"template":"","meta":[],"product_cat":[69,70],"product_tag":[],"class_list":{"0":"post-7310","1":"product","2":"type-product","3":"status-publish","4":"has-post-thumbnail","6":"product_cat-canetas","7":"product_cat-canetas-ecologicas","9":"first","10":"instock","11":"shipping-taxable","12":"product-type-simple"},"_links":{"self":[{"href":"https:\/\/comexbrindes.com.br\/site\/wp-json\/wp\/v2\/product\/7310","targetHints":{"allow":["GET"]}}],"collection":[{"href":"https:\/\/comexbrindes.com.br\/site\/wp-json\/wp\/v2\/product"}],"about":[{"href":"https:\/\/comexbrindes.com.br\/site\/wp-json\/wp\/v2\/types\/product"}],"version-history":[{"count":4,"href":"https:\/\/comexbrindes.com.br\/site\/wp-json\/wp\/v2\/product\/7310\/revisions"}],"predecessor-version":[{"id":8194,"href":"https:\/\/comexbrindes.com.br\/site\/wp-json\/wp\/v2\/product\/7310\/revisions\/8194"}],"wp:featuredmedia":[{"embeddable":true,"href":"https:\/\/comexbrindes.com.br\/site\/wp-json\/wp\/v2\/media\/7311"}],"wp:attachment":[{"href":"https:\/\/comexbrindes.com.br\/site\/wp-json\/wp\/v2\/media?parent=7310"}],"wp:term":[{"taxonomy":"product_cat","embeddable":true,"href":"https:\/\/comexbrindes.com.br\/site\/wp-json\/wp\/v2\/product_cat?post=7310"},{"taxonomy":"product_tag","embeddable":true,"href":"https:\/\/comexbrindes.com.br\/site\/wp-json\/wp\/v2\/product_tag?post=7310"}],"curies":[{"name":"wp","href":"https:\/\/api.w.org\/{rel}","templated":true}]}}