{"id":7305,"date":"2025-08-07T13:11:20","date_gmt":"2025-08-07T13:11:20","guid":{"rendered":"https:\/\/comexbrindes.com.br\/site\/?post_type=product&#038;p=7305"},"modified":"2026-01-23T14:39:05","modified_gmt":"2026-01-23T14:39:05","slug":"caneta-esfero-bambu-as-48801","status":"publish","type":"product","link":"https:\/\/comexbrindes.com.br\/site\/produto\/caneta-esfero-bambu-as-48801\/","title":{"rendered":"07 CANETA ESFERO BAMBU &#8211; AS.48801"},"content":{"rendered":"<ul>\n<li>Caneta esfero bambu.<\/li>\n<li>Detalhe pl\u00e1stico bege.<\/li>\n<li>Carga esferogr\u00e1fica azul.<\/li>\n<li><strong>Tamanho:<\/strong> 14,0 x 1,0 cm<\/li>\n<li><strong>Grava\u00e7\u00e3o:<\/strong> tampografia 1 cor, 1 posi\u00e7\u00e3o.<\/li>\n<li>Embalagem papel bambu.<\/li>\n<\/ul>\n","protected":false},"excerpt":{"rendered":"<p>Caneta esfero bambu. Detalhe pl\u00e1stico bege. Carga esferogr\u00e1fica azul. Tamanho: 14,0 x 1,0 cm Grava\u00e7\u00e3o: tampografia 1 cor, 1 posi\u00e7\u00e3o. Embalagem papel bambu.<\/p>\n","protected":false},"featured_media":7306,"template":"","meta":[],"product_cat":[69,70],"product_tag":[],"class_list":{"0":"post-7305","1":"product","2":"type-product","3":"status-publish","4":"has-post-thumbnail","6":"product_cat-canetas","7":"product_cat-canetas-ecologicas","9":"first","10":"instock","11":"shipping-taxable","12":"product-type-simple"},"_links":{"self":[{"href":"https:\/\/comexbrindes.com.br\/site\/wp-json\/wp\/v2\/product\/7305","targetHints":{"allow":["GET"]}}],"collection":[{"href":"https:\/\/comexbrindes.com.br\/site\/wp-json\/wp\/v2\/product"}],"about":[{"href":"https:\/\/comexbrindes.com.br\/site\/wp-json\/wp\/v2\/types\/product"}],"version-history":[{"count":4,"href":"https:\/\/comexbrindes.com.br\/site\/wp-json\/wp\/v2\/product\/7305\/revisions"}],"predecessor-version":[{"id":8189,"href":"https:\/\/comexbrindes.com.br\/site\/wp-json\/wp\/v2\/product\/7305\/revisions\/8189"}],"wp:featuredmedia":[{"embeddable":true,"href":"https:\/\/comexbrindes.com.br\/site\/wp-json\/wp\/v2\/media\/7306"}],"wp:attachment":[{"href":"https:\/\/comexbrindes.com.br\/site\/wp-json\/wp\/v2\/media?parent=7305"}],"wp:term":[{"taxonomy":"product_cat","embeddable":true,"href":"https:\/\/comexbrindes.com.br\/site\/wp-json\/wp\/v2\/product_cat?post=7305"},{"taxonomy":"product_tag","embeddable":true,"href":"https:\/\/comexbrindes.com.br\/site\/wp-json\/wp\/v2\/product_tag?post=7305"}],"curies":[{"name":"wp","href":"https:\/\/api.w.org\/{rel}","templated":true}]}}