{"id":7295,"date":"2025-08-06T18:11:58","date_gmt":"2025-08-06T18:11:58","guid":{"rendered":"https:\/\/comexbrindes.com.br\/site\/?post_type=product&#038;p=7295"},"modified":"2026-01-27T20:22:37","modified_gmt":"2026-01-27T20:22:37","slug":"sacola-tnt-metalizada-revestimento-laminado-alcas-longas-zbx-73581-g","status":"publish","type":"product","link":"https:\/\/comexbrindes.com.br\/site\/produto\/sacola-tnt-metalizada-revestimento-laminado-alcas-longas-zbx-73581-g\/","title":{"rendered":"SACOLA TNT METALIZADA, REVESTIMENTO LAMINADO, AL\u00c7AS LONGAS &#8211; BX.73581-G"},"content":{"rendered":"<ul>\n<li>Sacola TNT metalizada<\/li>\n<li>Revestimento laminado<\/li>\n<li>Al\u00e7as longas 22 cm<\/li>\n<li>Bot\u00e3o pl\u00e1stico para fechamento<\/li>\n<li><strong>Tamanho:<\/strong> 40,5 x 50 x 14 cm<\/li>\n<li>Diversas cores metalizadas<\/li>\n<li><strong>Grava\u00e7\u00e3o:<\/strong> tampografia 1 cor, 1 lado<\/li>\n<\/ul>\n","protected":false},"excerpt":{"rendered":"<p>Sacola TNT metalizada Revestimento laminado Al\u00e7as longas 22 cm Bot\u00e3o pl\u00e1stico para fechamento Tamanho: 40,5 x 50 x 14 cm Diversas cores metalizadas Grava\u00e7\u00e3o: tampografia 1 cor, 1 lado<\/p>\n","protected":false},"featured_media":7296,"template":"","meta":[],"product_cat":[76],"product_tag":[],"class_list":{"0":"post-7295","1":"product","2":"type-product","3":"status-publish","4":"has-post-thumbnail","6":"product_cat-sacolas","8":"first","9":"instock","10":"shipping-taxable","11":"product-type-simple"},"_links":{"self":[{"href":"https:\/\/comexbrindes.com.br\/site\/wp-json\/wp\/v2\/product\/7295","targetHints":{"allow":["GET"]}}],"collection":[{"href":"https:\/\/comexbrindes.com.br\/site\/wp-json\/wp\/v2\/product"}],"about":[{"href":"https:\/\/comexbrindes.com.br\/site\/wp-json\/wp\/v2\/types\/product"}],"version-history":[{"count":2,"href":"https:\/\/comexbrindes.com.br\/site\/wp-json\/wp\/v2\/product\/7295\/revisions"}],"predecessor-version":[{"id":8334,"href":"https:\/\/comexbrindes.com.br\/site\/wp-json\/wp\/v2\/product\/7295\/revisions\/8334"}],"wp:featuredmedia":[{"embeddable":true,"href":"https:\/\/comexbrindes.com.br\/site\/wp-json\/wp\/v2\/media\/7296"}],"wp:attachment":[{"href":"https:\/\/comexbrindes.com.br\/site\/wp-json\/wp\/v2\/media?parent=7295"}],"wp:term":[{"taxonomy":"product_cat","embeddable":true,"href":"https:\/\/comexbrindes.com.br\/site\/wp-json\/wp\/v2\/product_cat?post=7295"},{"taxonomy":"product_tag","embeddable":true,"href":"https:\/\/comexbrindes.com.br\/site\/wp-json\/wp\/v2\/product_tag?post=7295"}],"curies":[{"name":"wp","href":"https:\/\/api.w.org\/{rel}","templated":true}]}}