{"id":7279,"date":"2025-08-06T13:17:40","date_gmt":"2025-08-06T13:17:40","guid":{"rendered":"https:\/\/comexbrindes.com.br\/site\/?post_type=product&#038;p=7279"},"modified":"2026-02-09T18:35:58","modified_gmt":"2026-02-09T18:35:58","slug":"copo-fibra-de-bambu-350-ml-parede-dupla-tampa-e-alca-de-nylon-zbx-60030","status":"publish","type":"product","link":"https:\/\/comexbrindes.com.br\/site\/produto\/copo-fibra-de-bambu-350-ml-parede-dupla-tampa-e-alca-de-nylon-zbx-60030\/","title":{"rendered":"14 COPO FIBRA DE BAMBU, 350 ML &#8211; BX.60030"},"content":{"rendered":"<ul>\n<li>Copo fibra de bambu, 350 ml<\/li>\n<li>Parede dupla<\/li>\n<li>Tampa rosque\u00e1vel<\/li>\n<li>Produzido em polipropileno e livre de BPA<\/li>\n<li>Pode ser levado a lava-lou\u00e7as<\/li>\n<li>Uso microondas e geladeiras<\/li>\n<li><strong><span class=\"selectable-text copyable-text\">Tamanho: <\/span><\/strong><span class=\"selectable-text copyable-text\">17 x 7,8 cm<\/span><\/li>\n<li><strong>Cores: <\/strong>azul, rosa, bege, cinza, roxo e 2 tons de verde<\/li>\n<li><strong>Grava\u00e7\u00e3o<\/strong> tampografia, 1 cor, 1 lado<\/li>\n<\/ul>\n","protected":false},"excerpt":{"rendered":"<p>Copo fibra de bambu, 350 ml Parede dupla Tampa rosque\u00e1vel Produzido em polipropileno e livre de BPA Pode ser levado a lava-lou\u00e7as Uso microondas e geladeiras Tamanho: 17 x 7,8 cm Cores: azul, rosa, bege, cinza, roxo e 2 tons de verde Grava\u00e7\u00e3o tampografia, 1 cor, 1 lado<\/p>\n","protected":false},"featured_media":7903,"template":"","meta":[],"product_cat":[50],"product_tag":[],"class_list":{"0":"post-7279","1":"product","2":"type-product","3":"status-publish","4":"has-post-thumbnail","6":"product_cat-copos-e-canecas","8":"first","9":"instock","10":"shipping-taxable","11":"product-type-simple"},"_links":{"self":[{"href":"https:\/\/comexbrindes.com.br\/site\/wp-json\/wp\/v2\/product\/7279","targetHints":{"allow":["GET"]}}],"collection":[{"href":"https:\/\/comexbrindes.com.br\/site\/wp-json\/wp\/v2\/product"}],"about":[{"href":"https:\/\/comexbrindes.com.br\/site\/wp-json\/wp\/v2\/types\/product"}],"version-history":[{"count":8,"href":"https:\/\/comexbrindes.com.br\/site\/wp-json\/wp\/v2\/product\/7279\/revisions"}],"predecessor-version":[{"id":8447,"href":"https:\/\/comexbrindes.com.br\/site\/wp-json\/wp\/v2\/product\/7279\/revisions\/8447"}],"wp:featuredmedia":[{"embeddable":true,"href":"https:\/\/comexbrindes.com.br\/site\/wp-json\/wp\/v2\/media\/7903"}],"wp:attachment":[{"href":"https:\/\/comexbrindes.com.br\/site\/wp-json\/wp\/v2\/media?parent=7279"}],"wp:term":[{"taxonomy":"product_cat","embeddable":true,"href":"https:\/\/comexbrindes.com.br\/site\/wp-json\/wp\/v2\/product_cat?post=7279"},{"taxonomy":"product_tag","embeddable":true,"href":"https:\/\/comexbrindes.com.br\/site\/wp-json\/wp\/v2\/product_tag?post=7279"}],"curies":[{"name":"wp","href":"https:\/\/api.w.org\/{rel}","templated":true}]}}