{"id":7263,"date":"2025-08-04T20:13:52","date_gmt":"2025-08-04T20:13:52","guid":{"rendered":"https:\/\/comexbrindes.com.br\/site\/?post_type=product&#038;p=7263"},"modified":"2026-01-23T13:11:52","modified_gmt":"2026-01-23T13:11:52","slug":"caneta-esfero-metal-touch-zbx-44080-b","status":"publish","type":"product","link":"https:\/\/comexbrindes.com.br\/site\/produto\/caneta-esfero-metal-touch-zbx-44080-b\/","title":{"rendered":"10 CANETA ESFERO METAL, TOUCH &#8211; BX.44080-B"},"content":{"rendered":"<p>&nbsp;<\/p>\n<ul>\n<li>Caneta esfero metal, touch<\/li>\n<li>clip pl\u00e1stico, grava\u00e7\u00e3o laser, 1 lado<\/li>\n<li data-leveltext=\"\uf0b7\" data-font=\"Symbol\" data-listid=\"1\" data-list-defn-props=\"{&quot;335552541&quot;:1,&quot;335559685&quot;:720,&quot;335559991&quot;:360,&quot;469769226&quot;:&quot;Symbol&quot;,&quot;469769242&quot;:[8226],&quot;469777803&quot;:&quot;left&quot;,&quot;469777804&quot;:&quot;\uf0b7&quot;,&quot;469777815&quot;:&quot;hybridMultilevel&quot;}\" aria-setsize=\"-1\" data-aria-posinset=\"1\" data-aria-level=\"1\">Escrita azul.<\/li>\n<li data-leveltext=\"\uf0b7\" data-font=\"Symbol\" data-listid=\"1\" data-list-defn-props=\"{&quot;335552541&quot;:1,&quot;335559685&quot;:720,&quot;335559991&quot;:360,&quot;469769226&quot;:&quot;Symbol&quot;,&quot;469769242&quot;:[8226],&quot;469777803&quot;:&quot;left&quot;,&quot;469777804&quot;:&quot;\uf0b7&quot;,&quot;469777815&quot;:&quot;hybridMultilevel&quot;}\" aria-setsize=\"-1\" data-aria-posinset=\"1\" data-aria-level=\"1\"><strong>Tamanho:<\/strong> 14,3 x 1,3 cm<\/li>\n<li><strong>Cores:<\/strong> preto, branco, laranja, azul marinho e vermelho.<\/li>\n<li data-leveltext=\"\uf0b7\" data-font=\"Symbol\" data-listid=\"1\" data-list-defn-props=\"{&quot;335552541&quot;:1,&quot;335559685&quot;:720,&quot;335559991&quot;:360,&quot;469769226&quot;:&quot;Symbol&quot;,&quot;469769242&quot;:[8226],&quot;469777803&quot;:&quot;left&quot;,&quot;469777804&quot;:&quot;\uf0b7&quot;,&quot;469777815&quot;:&quot;hybridMultilevel&quot;}\" aria-setsize=\"-1\" data-aria-posinset=\"1\" data-aria-level=\"1\"><span data-contrast=\"auto\"><strong>Grava\u00e7\u00e3o:<\/strong>\u00a0laser em um lado.<\/span><\/li>\n<\/ul>\n","protected":false},"excerpt":{"rendered":"<p>&nbsp; Caneta esfero metal, touch clip pl\u00e1stico, grava\u00e7\u00e3o laser, 1 lado Escrita azul. Tamanho: 14,3 x 1,3 cm Cores: preto, branco, laranja, azul marinho e vermelho. Grava\u00e7\u00e3o:\u00a0laser em um lado.<\/p>\n","protected":false},"featured_media":7265,"template":"","meta":[],"product_cat":[71],"product_tag":[],"class_list":{"0":"post-7263","1":"product","2":"type-product","3":"status-publish","4":"has-post-thumbnail","6":"product_cat-canetas-metal","8":"first","9":"instock","10":"shipping-taxable","11":"product-type-simple"},"_links":{"self":[{"href":"https:\/\/comexbrindes.com.br\/site\/wp-json\/wp\/v2\/product\/7263","targetHints":{"allow":["GET"]}}],"collection":[{"href":"https:\/\/comexbrindes.com.br\/site\/wp-json\/wp\/v2\/product"}],"about":[{"href":"https:\/\/comexbrindes.com.br\/site\/wp-json\/wp\/v2\/types\/product"}],"version-history":[{"count":8,"href":"https:\/\/comexbrindes.com.br\/site\/wp-json\/wp\/v2\/product\/7263\/revisions"}],"predecessor-version":[{"id":8170,"href":"https:\/\/comexbrindes.com.br\/site\/wp-json\/wp\/v2\/product\/7263\/revisions\/8170"}],"wp:featuredmedia":[{"embeddable":true,"href":"https:\/\/comexbrindes.com.br\/site\/wp-json\/wp\/v2\/media\/7265"}],"wp:attachment":[{"href":"https:\/\/comexbrindes.com.br\/site\/wp-json\/wp\/v2\/media?parent=7263"}],"wp:term":[{"taxonomy":"product_cat","embeddable":true,"href":"https:\/\/comexbrindes.com.br\/site\/wp-json\/wp\/v2\/product_cat?post=7263"},{"taxonomy":"product_tag","embeddable":true,"href":"https:\/\/comexbrindes.com.br\/site\/wp-json\/wp\/v2\/product_tag?post=7263"}],"curies":[{"name":"wp","href":"https:\/\/api.w.org\/{rel}","templated":true}]}}