{"id":7181,"date":"2025-06-05T16:54:16","date_gmt":"2025-06-05T16:54:16","guid":{"rendered":"https:\/\/comexbrindes.com.br\/site\/?post_type=product&#038;p=7181"},"modified":"2025-11-04T20:56:23","modified_gmt":"2025-11-04T20:56:23","slug":"garrafa-inox-500-ml-cores-parede-dupla-isolamento-a-vacuo-tampa-rosqueavel-tirante-as-b-0019","status":"publish","type":"product","link":"https:\/\/comexbrindes.com.br\/site\/produto\/garrafa-inox-500-ml-cores-parede-dupla-isolamento-a-vacuo-tampa-rosqueavel-tirante-as-b-0019\/","title":{"rendered":"10 GARRAFA INOX, 500 ML, CORES &#8211; AS.0019-B"},"content":{"rendered":"<ul>\n<li>Garrafa inox<\/li>\n<li>Parede dupla<\/li>\n<li>500ML<\/li>\n<li>Isolamento a v\u00e1cuo<\/li>\n<li>Tampa rosque\u00e1vel<\/li>\n<li>Com anel de silicone<\/li>\n<li>Tirante para transporte<\/li>\n<li>Possui copo adicional rosque\u00e1vel na parte inferior da garrafa, compartimento para pequenos objetos<\/li>\n<li><strong>Tamanho:<\/strong> 26 x \u00f87 cm<\/li>\n<li><strong>Cores:<\/strong> azul, verde, vermelho, cinza e preto<\/li>\n<li><strong>Grava\u00e7\u00e3o:<\/strong> laser em um lado<\/li>\n<\/ul>\n<p>&nbsp;<\/p>\n<p>&nbsp;<\/p>\n","protected":false},"excerpt":{"rendered":"<p>Garrafa inox Parede dupla 500ML Isolamento a v\u00e1cuo Tampa rosque\u00e1vel Com anel de silicone Tirante para transporte Possui copo adicional rosque\u00e1vel na parte inferior da garrafa, compartimento para pequenos objetos Tamanho: 26 x \u00f87 cm Cores: azul, verde, vermelho, cinza e preto Grava\u00e7\u00e3o: laser em um lado &nbsp; &nbsp;<\/p>\n","protected":false},"featured_media":7184,"template":"","meta":[],"product_cat":[77],"product_tag":[],"class_list":{"0":"post-7181","1":"product","2":"type-product","3":"status-publish","4":"has-post-thumbnail","6":"product_cat-squeezes-garrafas","8":"first","9":"instock","10":"shipping-taxable","11":"product-type-simple"},"_links":{"self":[{"href":"https:\/\/comexbrindes.com.br\/site\/wp-json\/wp\/v2\/product\/7181","targetHints":{"allow":["GET"]}}],"collection":[{"href":"https:\/\/comexbrindes.com.br\/site\/wp-json\/wp\/v2\/product"}],"about":[{"href":"https:\/\/comexbrindes.com.br\/site\/wp-json\/wp\/v2\/types\/product"}],"version-history":[{"count":4,"href":"https:\/\/comexbrindes.com.br\/site\/wp-json\/wp\/v2\/product\/7181\/revisions"}],"predecessor-version":[{"id":7963,"href":"https:\/\/comexbrindes.com.br\/site\/wp-json\/wp\/v2\/product\/7181\/revisions\/7963"}],"wp:featuredmedia":[{"embeddable":true,"href":"https:\/\/comexbrindes.com.br\/site\/wp-json\/wp\/v2\/media\/7184"}],"wp:attachment":[{"href":"https:\/\/comexbrindes.com.br\/site\/wp-json\/wp\/v2\/media?parent=7181"}],"wp:term":[{"taxonomy":"product_cat","embeddable":true,"href":"https:\/\/comexbrindes.com.br\/site\/wp-json\/wp\/v2\/product_cat?post=7181"},{"taxonomy":"product_tag","embeddable":true,"href":"https:\/\/comexbrindes.com.br\/site\/wp-json\/wp\/v2\/product_tag?post=7181"}],"curies":[{"name":"wp","href":"https:\/\/api.w.org\/{rel}","templated":true}]}}