{"id":7124,"date":"2025-05-30T18:09:56","date_gmt":"2025-05-30T18:09:56","guid":{"rendered":"https:\/\/comexbrindes.com.br\/site\/?post_type=product&#038;p=7124"},"modified":"2026-04-09T20:40:22","modified_gmt":"2026-04-09T20:40:22","slug":"12-guarda-chuva-em-poliester-190t-cabo-em-eva-abertura-automatica-sp-73199","status":"publish","type":"product","link":"https:\/\/comexbrindes.com.br\/site\/produto\/12-guarda-chuva-em-poliester-190t-cabo-em-eva-abertura-automatica-sp-73199\/","title":{"rendered":"12 GUARDA-CHUVA EM POLI\u00c9STER 190T, CABO EM EVA &#8211; SP.73199"},"content":{"rendered":"<ul>\n<li>Guarda-chuva em poli\u00e9ster 190T<\/li>\n<li>Cabo em EVA<\/li>\n<li>Abertura autom\u00e1tica.<\/li>\n<li>Detalhe com linha colorida no guarda-chuva e no cabo<\/li>\n<li><strong>Tamanho:<\/strong> \u00f8104,0 x 82,5 cm<\/li>\n<li><strong>Cores:\u00a0<\/strong>Diversas cores, verifique a disponibilidade.<\/li>\n<li><strong>Grava\u00e7\u00e3o:<\/strong>\u00a0Tampografia nos 4 gomos em uma cor.<\/li>\n<\/ul>\n<p>&nbsp;<\/p>\n","protected":false},"excerpt":{"rendered":"<p>Guarda-chuva em poli\u00e9ster 190T Cabo em EVA Abertura autom\u00e1tica. Detalhe com linha colorida no guarda-chuva e no cabo Tamanho: \u00f8104,0 x 82,5 cm Cores:\u00a0Diversas cores, verifique a disponibilidade. Grava\u00e7\u00e3o:\u00a0Tampografia nos 4 gomos em uma cor. &nbsp;<\/p>\n","protected":false},"featured_media":8643,"template":"","meta":[],"product_cat":[78],"product_tag":[],"class_list":{"0":"post-7124","1":"product","2":"type-product","3":"status-publish","4":"has-post-thumbnail","6":"product_cat-sol-e-chuva","8":"first","9":"instock","10":"shipping-taxable","11":"product-type-simple"},"_links":{"self":[{"href":"https:\/\/comexbrindes.com.br\/site\/wp-json\/wp\/v2\/product\/7124","targetHints":{"allow":["GET"]}}],"collection":[{"href":"https:\/\/comexbrindes.com.br\/site\/wp-json\/wp\/v2\/product"}],"about":[{"href":"https:\/\/comexbrindes.com.br\/site\/wp-json\/wp\/v2\/types\/product"}],"version-history":[{"count":3,"href":"https:\/\/comexbrindes.com.br\/site\/wp-json\/wp\/v2\/product\/7124\/revisions"}],"predecessor-version":[{"id":8338,"href":"https:\/\/comexbrindes.com.br\/site\/wp-json\/wp\/v2\/product\/7124\/revisions\/8338"}],"wp:featuredmedia":[{"embeddable":true,"href":"https:\/\/comexbrindes.com.br\/site\/wp-json\/wp\/v2\/media\/8643"}],"wp:attachment":[{"href":"https:\/\/comexbrindes.com.br\/site\/wp-json\/wp\/v2\/media?parent=7124"}],"wp:term":[{"taxonomy":"product_cat","embeddable":true,"href":"https:\/\/comexbrindes.com.br\/site\/wp-json\/wp\/v2\/product_cat?post=7124"},{"taxonomy":"product_tag","embeddable":true,"href":"https:\/\/comexbrindes.com.br\/site\/wp-json\/wp\/v2\/product_tag?post=7124"}],"curies":[{"name":"wp","href":"https:\/\/api.w.org\/{rel}","templated":true}]}}