{"id":7113,"date":"2025-05-30T17:26:07","date_gmt":"2025-05-30T17:26:07","guid":{"rendered":"https:\/\/comexbrindes.com.br\/site\/?post_type=product&#038;p=7113"},"modified":"2026-01-27T20:31:34","modified_gmt":"2026-01-27T20:31:34","slug":"09-guarda-chuva-100-poliester-reciclado-cabo-abs-reciclado-abertura-automatica-sp-99099","status":"publish","type":"product","link":"https:\/\/comexbrindes.com.br\/site\/produto\/09-guarda-chuva-100-poliester-reciclado-cabo-abs-reciclado-abertura-automatica-sp-99099\/","title":{"rendered":"09 GUARDA-CHUVA 100% POLI\u00c9STER RECICLADO &#8211; SP.99099"},"content":{"rendered":"<ul>\n<li>Guarda-chuva 100% poli\u00e9ster reciclado 190T<\/li>\n<li>Abertura autom\u00e1tica.<\/li>\n<li>Varetas em fibra de vidro e cabo em ABS reciclado<\/li>\n<li>\u00c0 prova de vento<\/li>\n<li>Fornecido em bolsa de poli\u00e9ster reciclado<\/li>\n<li><strong>Tamanho:<\/strong> \u00f8105,5 x 84,0 cm<\/li>\n<li><strong>Cores: azul escuro, verde, cinza e preto<\/strong><\/li>\n<li><strong>Grava\u00e7\u00e3o:<\/strong> Tampografia nos 2 gomos em uma cor.<\/li>\n<\/ul>\n<p>&nbsp;<\/p>\n<p>&nbsp;<\/p>\n","protected":false},"excerpt":{"rendered":"<p>Guarda-chuva 100% poli\u00e9ster reciclado 190T Abertura autom\u00e1tica. Varetas em fibra de vidro e cabo em ABS reciclado \u00c0 prova de vento Fornecido em bolsa de poli\u00e9ster reciclado Tamanho: \u00f8105,5 x 84,0 cm Cores: azul escuro, verde, cinza e preto Grava\u00e7\u00e3o: Tampografia nos 2 gomos em uma cor. &nbsp; &nbsp;<\/p>\n","protected":false},"featured_media":7117,"template":"","meta":[],"product_cat":[78],"product_tag":[],"class_list":{"0":"post-7113","1":"product","2":"type-product","3":"status-publish","4":"has-post-thumbnail","6":"product_cat-sol-e-chuva","8":"first","9":"instock","10":"shipping-taxable","11":"product-type-simple"},"_links":{"self":[{"href":"https:\/\/comexbrindes.com.br\/site\/wp-json\/wp\/v2\/product\/7113","targetHints":{"allow":["GET"]}}],"collection":[{"href":"https:\/\/comexbrindes.com.br\/site\/wp-json\/wp\/v2\/product"}],"about":[{"href":"https:\/\/comexbrindes.com.br\/site\/wp-json\/wp\/v2\/types\/product"}],"version-history":[{"count":3,"href":"https:\/\/comexbrindes.com.br\/site\/wp-json\/wp\/v2\/product\/7113\/revisions"}],"predecessor-version":[{"id":8337,"href":"https:\/\/comexbrindes.com.br\/site\/wp-json\/wp\/v2\/product\/7113\/revisions\/8337"}],"wp:featuredmedia":[{"embeddable":true,"href":"https:\/\/comexbrindes.com.br\/site\/wp-json\/wp\/v2\/media\/7117"}],"wp:attachment":[{"href":"https:\/\/comexbrindes.com.br\/site\/wp-json\/wp\/v2\/media?parent=7113"}],"wp:term":[{"taxonomy":"product_cat","embeddable":true,"href":"https:\/\/comexbrindes.com.br\/site\/wp-json\/wp\/v2\/product_cat?post=7113"},{"taxonomy":"product_tag","embeddable":true,"href":"https:\/\/comexbrindes.com.br\/site\/wp-json\/wp\/v2\/product_tag?post=7113"}],"curies":[{"name":"wp","href":"https:\/\/api.w.org\/{rel}","templated":true}]}}