{"id":7108,"date":"2025-05-29T20:21:38","date_gmt":"2025-05-29T20:21:38","guid":{"rendered":"https:\/\/comexbrindes.com.br\/site\/?post_type=product&#038;p=7108"},"modified":"2026-04-28T12:57:46","modified_gmt":"2026-04-28T12:57:46","slug":"21-mochila-de-ombro-couro-sintetico-divisorias-compartimento-para-notebook-15-6-zbx-27180","status":"publish","type":"product","link":"https:\/\/comexbrindes.com.br\/site\/produto\/21-mochila-de-ombro-couro-sintetico-divisorias-compartimento-para-notebook-15-6-zbx-27180\/","title":{"rendered":"21 MOCHILA DE OMBRO, COURO SINT\u00c9TICO &#8211; BX.27180"},"content":{"rendered":"<ul>\n<li>Mochila de ombro em couro sint\u00e9tico, resistente \u00e0 \u00e1gua<\/li>\n<li>4 compartimentos, frontal, bolsos e divis\u00f3rias, compartimento antifurto com espa\u00e7o para <strong>notebooks 15,6&#8243;<\/strong><\/li>\n<li>Entrada para cabo USB<\/li>\n<li>Al\u00e7as regul\u00e1veis e parte traseira acolchoados, acabamentos refletivos<\/li>\n<li>Engate para malas de viagem<\/li>\n<li>Cores: preto, azul, cinza e verde<\/li>\n<li><strong>Tamanho:<\/strong> 46 x 29 cm<\/li>\n<li><strong>Grava\u00e7\u00e3o<\/strong> bordado, 1 posi\u00e7\u00e3o<\/li>\n<\/ul>\n<p>&nbsp;<\/p>\n<p>&nbsp;<\/p>\n","protected":false},"excerpt":{"rendered":"<p>Mochila de ombro em couro sint\u00e9tico, resistente \u00e0 \u00e1gua 4 compartimentos, frontal, bolsos e divis\u00f3rias, compartimento antifurto com espa\u00e7o para notebooks 15,6&#8243; Entrada para cabo USB Al\u00e7as regul\u00e1veis e parte traseira acolchoados, acabamentos refletivos Engate para malas de viagem Cores: preto, azul, cinza e verde Tamanho: 46 x 29 cm Grava\u00e7\u00e3o bordado, 1 posi\u00e7\u00e3o &nbsp; [&hellip;]<\/p>\n","protected":false},"featured_media":7110,"template":"","meta":[],"product_cat":[68],"product_tag":[],"class_list":{"0":"post-7108","1":"product","2":"type-product","3":"status-publish","4":"has-post-thumbnail","6":"product_cat-malas-mochilas","8":"first","9":"instock","10":"shipping-taxable","11":"product-type-simple"},"_links":{"self":[{"href":"https:\/\/comexbrindes.com.br\/site\/wp-json\/wp\/v2\/product\/7108","targetHints":{"allow":["GET"]}}],"collection":[{"href":"https:\/\/comexbrindes.com.br\/site\/wp-json\/wp\/v2\/product"}],"about":[{"href":"https:\/\/comexbrindes.com.br\/site\/wp-json\/wp\/v2\/types\/product"}],"version-history":[{"count":4,"href":"https:\/\/comexbrindes.com.br\/site\/wp-json\/wp\/v2\/product\/7108\/revisions"}],"predecessor-version":[{"id":8725,"href":"https:\/\/comexbrindes.com.br\/site\/wp-json\/wp\/v2\/product\/7108\/revisions\/8725"}],"wp:featuredmedia":[{"embeddable":true,"href":"https:\/\/comexbrindes.com.br\/site\/wp-json\/wp\/v2\/media\/7110"}],"wp:attachment":[{"href":"https:\/\/comexbrindes.com.br\/site\/wp-json\/wp\/v2\/media?parent=7108"}],"wp:term":[{"taxonomy":"product_cat","embeddable":true,"href":"https:\/\/comexbrindes.com.br\/site\/wp-json\/wp\/v2\/product_cat?post=7108"},{"taxonomy":"product_tag","embeddable":true,"href":"https:\/\/comexbrindes.com.br\/site\/wp-json\/wp\/v2\/product_tag?post=7108"}],"curies":[{"name":"wp","href":"https:\/\/api.w.org\/{rel}","templated":true}]}}