{"id":7100,"date":"2025-05-29T19:21:51","date_gmt":"2025-05-29T19:21:51","guid":{"rendered":"https:\/\/comexbrindes.com.br\/site\/?post_type=product&#038;p=7100"},"modified":"2026-04-28T14:45:27","modified_gmt":"2026-04-28T14:45:27","slug":"mochila-de-ombro-poliester-31l-divisorias-compartimento-para-notebook-15-6-zbx-30120","status":"publish","type":"product","link":"https:\/\/comexbrindes.com.br\/site\/produto\/mochila-de-ombro-poliester-31l-divisorias-compartimento-para-notebook-15-6-zbx-30120\/","title":{"rendered":"MOCHILA DE OMBRO, POLIESTER, DIVIS\u00d3RIAS &#8211; BX.30120"},"content":{"rendered":"<ul>\n<li>Mochila de ombro nylon poli\u00e9ster<\/li>\n<li>Compartimento para\u00a0<strong>notebook 15,6\u2033<\/strong><\/li>\n<li>Z\u00edper inox<\/li>\n<li>Mais 3 compartimentos<\/li>\n<li>Bolsos laterais de rede<\/li>\n<li>Al\u00e7a de compensa\u00e7\u00e3o e 2 al\u00e7as de m\u00e3o<\/li>\n<li><strong>Tamanho:<\/strong> 47,5 x 34 x 20 cm<\/li>\n<li><strong>Grava\u00e7\u00e3o<\/strong>\u00a0bordado<\/li>\n<\/ul>\n<p>&nbsp;<\/p>\n","protected":false},"excerpt":{"rendered":"<p>Mochila de ombro nylon poli\u00e9ster Compartimento para\u00a0notebook 15,6\u2033 Z\u00edper inox Mais 3 compartimentos Bolsos laterais de rede Al\u00e7a de compensa\u00e7\u00e3o e 2 al\u00e7as de m\u00e3o Tamanho: 47,5 x 34 x 20 cm Grava\u00e7\u00e3o\u00a0bordado &nbsp;<\/p>\n","protected":false},"featured_media":7101,"template":"","meta":[],"product_cat":[68],"product_tag":[],"class_list":{"0":"post-7100","1":"product","2":"type-product","3":"status-publish","4":"has-post-thumbnail","6":"product_cat-malas-mochilas","8":"first","9":"instock","10":"shipping-taxable","11":"product-type-simple"},"_links":{"self":[{"href":"https:\/\/comexbrindes.com.br\/site\/wp-json\/wp\/v2\/product\/7100","targetHints":{"allow":["GET"]}}],"collection":[{"href":"https:\/\/comexbrindes.com.br\/site\/wp-json\/wp\/v2\/product"}],"about":[{"href":"https:\/\/comexbrindes.com.br\/site\/wp-json\/wp\/v2\/types\/product"}],"version-history":[{"count":8,"href":"https:\/\/comexbrindes.com.br\/site\/wp-json\/wp\/v2\/product\/7100\/revisions"}],"predecessor-version":[{"id":8754,"href":"https:\/\/comexbrindes.com.br\/site\/wp-json\/wp\/v2\/product\/7100\/revisions\/8754"}],"wp:featuredmedia":[{"embeddable":true,"href":"https:\/\/comexbrindes.com.br\/site\/wp-json\/wp\/v2\/media\/7101"}],"wp:attachment":[{"href":"https:\/\/comexbrindes.com.br\/site\/wp-json\/wp\/v2\/media?parent=7100"}],"wp:term":[{"taxonomy":"product_cat","embeddable":true,"href":"https:\/\/comexbrindes.com.br\/site\/wp-json\/wp\/v2\/product_cat?post=7100"},{"taxonomy":"product_tag","embeddable":true,"href":"https:\/\/comexbrindes.com.br\/site\/wp-json\/wp\/v2\/product_tag?post=7100"}],"curies":[{"name":"wp","href":"https:\/\/api.w.org\/{rel}","templated":true}]}}