{"id":6896,"date":"2025-01-28T12:51:59","date_gmt":"2025-01-28T12:51:59","guid":{"rendered":"https:\/\/comexbrindes.com.br\/site\/?post_type=product&#038;p=6896"},"modified":"2026-01-23T19:02:39","modified_gmt":"2026-01-23T19:02:39","slug":"09-coqueteleira-inox-750ml-tampa-de-pressao-com-peneira-zbx-28681","status":"publish","type":"product","link":"https:\/\/comexbrindes.com.br\/site\/produto\/09-coqueteleira-inox-750ml-tampa-de-pressao-com-peneira-zbx-28681\/","title":{"rendered":"09 COQUETELEIRA INOX, 750ML &#8211; BX.28681"},"content":{"rendered":"<ul>\n<li>Coqueteleira inox<\/li>\n<li>750ML<\/li>\n<li>Tampa de press\u00e3o com peneira e tampa protetora<\/li>\n<li><strong>Tamanho:<\/strong> 22,5 x 8,4 cm<\/li>\n<li><strong>Grava\u00e7\u00e3o:<\/strong> laser em uma posi\u00e7\u00e3o<\/li>\n<\/ul>\n","protected":false},"excerpt":{"rendered":"<p>Coqueteleira inox 750ML Tampa de press\u00e3o com peneira e tampa protetora Tamanho: 22,5 x 8,4 cm Grava\u00e7\u00e3o: laser em uma posi\u00e7\u00e3o<\/p>\n","protected":false},"featured_media":6899,"template":"","meta":[],"product_cat":[60],"product_tag":[],"class_list":{"0":"post-6896","1":"product","2":"type-product","3":"status-publish","4":"has-post-thumbnail","6":"product_cat-bar","8":"first","9":"instock","10":"shipping-taxable","11":"product-type-simple"},"_links":{"self":[{"href":"https:\/\/comexbrindes.com.br\/site\/wp-json\/wp\/v2\/product\/6896","targetHints":{"allow":["GET"]}}],"collection":[{"href":"https:\/\/comexbrindes.com.br\/site\/wp-json\/wp\/v2\/product"}],"about":[{"href":"https:\/\/comexbrindes.com.br\/site\/wp-json\/wp\/v2\/types\/product"}],"version-history":[{"count":3,"href":"https:\/\/comexbrindes.com.br\/site\/wp-json\/wp\/v2\/product\/6896\/revisions"}],"predecessor-version":[{"id":8238,"href":"https:\/\/comexbrindes.com.br\/site\/wp-json\/wp\/v2\/product\/6896\/revisions\/8238"}],"wp:featuredmedia":[{"embeddable":true,"href":"https:\/\/comexbrindes.com.br\/site\/wp-json\/wp\/v2\/media\/6899"}],"wp:attachment":[{"href":"https:\/\/comexbrindes.com.br\/site\/wp-json\/wp\/v2\/media?parent=6896"}],"wp:term":[{"taxonomy":"product_cat","embeddable":true,"href":"https:\/\/comexbrindes.com.br\/site\/wp-json\/wp\/v2\/product_cat?post=6896"},{"taxonomy":"product_tag","embeddable":true,"href":"https:\/\/comexbrindes.com.br\/site\/wp-json\/wp\/v2\/product_tag?post=6896"}],"curies":[{"name":"wp","href":"https:\/\/api.w.org\/{rel}","templated":true}]}}