{"id":6425,"date":"2025-01-13T15:00:48","date_gmt":"2025-01-13T15:00:48","guid":{"rendered":"https:\/\/comexbrindes.com.br\/site\/?post_type=product&#038;p=6425"},"modified":"2025-08-29T19:12:17","modified_gmt":"2025-08-29T19:12:17","slug":"16-kit-talheres-para-churrasco-3-pecas-pe-382341","status":"publish","type":"product","link":"https:\/\/comexbrindes.com.br\/site\/produto\/16-kit-talheres-para-churrasco-3-pecas-pe-382341\/","title":{"rendered":"13 KIT TALHERES CHURRASCO &#8211; PE.382341"},"content":{"rendered":"<ul>\n<li>Kit talheres para churrasco, 3 pe\u00e7as.<\/li>\n<li>Poli\u00e9ster preto e z\u00edper.<\/li>\n<li>Faca, garf\u00e3o e afiador.<\/li>\n<li><strong>Tamanho:<\/strong> 36 x 11,5 x 3 cm.<\/li>\n<li><strong>Grava\u00e7\u00f5es:<\/strong> laser na faca e tampografia 1 cor no estojo.<\/li>\n<li>Embalagem saco pl\u00e1stico.<\/li>\n<\/ul>\n<p>&nbsp;<\/p>\n<p>&nbsp;<\/p>\n","protected":false},"excerpt":{"rendered":"<p>Kit talheres para churrasco, 3 pe\u00e7as. Poli\u00e9ster preto e z\u00edper. Faca, garf\u00e3o e afiador. Tamanho: 36 x 11,5 x 3 cm. Grava\u00e7\u00f5es: laser na faca e tampografia 1 cor no estojo. Embalagem saco pl\u00e1stico. &nbsp; &nbsp;<\/p>\n","protected":false},"featured_media":7678,"template":"","meta":[],"product_cat":[64],"product_tag":[],"class_list":{"0":"post-6425","1":"product","2":"type-product","3":"status-publish","4":"has-post-thumbnail","6":"product_cat-churrasco","8":"first","9":"instock","10":"shipping-taxable","11":"product-type-simple"},"_links":{"self":[{"href":"https:\/\/comexbrindes.com.br\/site\/wp-json\/wp\/v2\/product\/6425","targetHints":{"allow":["GET"]}}],"collection":[{"href":"https:\/\/comexbrindes.com.br\/site\/wp-json\/wp\/v2\/product"}],"about":[{"href":"https:\/\/comexbrindes.com.br\/site\/wp-json\/wp\/v2\/types\/product"}],"version-history":[{"count":4,"href":"https:\/\/comexbrindes.com.br\/site\/wp-json\/wp\/v2\/product\/6425\/revisions"}],"predecessor-version":[{"id":6498,"href":"https:\/\/comexbrindes.com.br\/site\/wp-json\/wp\/v2\/product\/6425\/revisions\/6498"}],"wp:featuredmedia":[{"embeddable":true,"href":"https:\/\/comexbrindes.com.br\/site\/wp-json\/wp\/v2\/media\/7678"}],"wp:attachment":[{"href":"https:\/\/comexbrindes.com.br\/site\/wp-json\/wp\/v2\/media?parent=6425"}],"wp:term":[{"taxonomy":"product_cat","embeddable":true,"href":"https:\/\/comexbrindes.com.br\/site\/wp-json\/wp\/v2\/product_cat?post=6425"},{"taxonomy":"product_tag","embeddable":true,"href":"https:\/\/comexbrindes.com.br\/site\/wp-json\/wp\/v2\/product_tag?post=6425"}],"curies":[{"name":"wp","href":"https:\/\/api.w.org\/{rel}","templated":true}]}}