{"id":6417,"date":"2025-01-13T14:41:59","date_gmt":"2025-01-13T14:41:59","guid":{"rendered":"https:\/\/comexbrindes.com.br\/site\/?post_type=product&#038;p=6417"},"modified":"2025-01-15T14:14:17","modified_gmt":"2025-01-15T14:14:17","slug":"15-estojo-churrasco-polywood-12-pecas-ts-36099322","status":"publish","type":"product","link":"https:\/\/comexbrindes.com.br\/site\/produto\/15-estojo-churrasco-polywood-12-pecas-ts-36099322\/","title":{"rendered":"12 ESTOJO CHURRASCO POLYWOOD &#8211; TS-36099322"},"content":{"rendered":"<ul>\n<li>Estojo churrasco Polywood, 12 pe\u00e7as.<\/li>\n<li>Estojo com visor, talheres robustos polywood, 6 facas e 6 garfos.<\/li>\n<li><strong>Tamanho:<\/strong> 45 x 28 x 5 cm<\/li>\n<li><strong>Grava\u00e7\u00e3o:<\/strong> laser nas 6 facas em um lado.<\/li>\n<\/ul>\n<p>&nbsp;<\/p>\n<p>&nbsp;<\/p>\n","protected":false},"excerpt":{"rendered":"<p>Estojo churrasco Polywood, 12 pe\u00e7as. Estojo com visor, talheres robustos polywood, 6 facas e 6 garfos. Tamanho: 45 x 28 x 5 cm Grava\u00e7\u00e3o: laser nas 6 facas em um lado. &nbsp; &nbsp;<\/p>\n","protected":false},"featured_media":6418,"template":"","meta":[],"product_cat":[64],"product_tag":[],"class_list":{"0":"post-6417","1":"product","2":"type-product","3":"status-publish","4":"has-post-thumbnail","6":"product_cat-churrasco","8":"first","9":"instock","10":"shipping-taxable","11":"product-type-simple"},"_links":{"self":[{"href":"https:\/\/comexbrindes.com.br\/site\/wp-json\/wp\/v2\/product\/6417","targetHints":{"allow":["GET"]}}],"collection":[{"href":"https:\/\/comexbrindes.com.br\/site\/wp-json\/wp\/v2\/product"}],"about":[{"href":"https:\/\/comexbrindes.com.br\/site\/wp-json\/wp\/v2\/types\/product"}],"version-history":[{"count":5,"href":"https:\/\/comexbrindes.com.br\/site\/wp-json\/wp\/v2\/product\/6417\/revisions"}],"predecessor-version":[{"id":6497,"href":"https:\/\/comexbrindes.com.br\/site\/wp-json\/wp\/v2\/product\/6417\/revisions\/6497"}],"wp:featuredmedia":[{"embeddable":true,"href":"https:\/\/comexbrindes.com.br\/site\/wp-json\/wp\/v2\/media\/6418"}],"wp:attachment":[{"href":"https:\/\/comexbrindes.com.br\/site\/wp-json\/wp\/v2\/media?parent=6417"}],"wp:term":[{"taxonomy":"product_cat","embeddable":true,"href":"https:\/\/comexbrindes.com.br\/site\/wp-json\/wp\/v2\/product_cat?post=6417"},{"taxonomy":"product_tag","embeddable":true,"href":"https:\/\/comexbrindes.com.br\/site\/wp-json\/wp\/v2\/product_tag?post=6417"}],"curies":[{"name":"wp","href":"https:\/\/api.w.org\/{rel}","templated":true}]}}