{"id":6201,"date":"2025-01-08T13:49:48","date_gmt":"2025-01-08T13:49:48","guid":{"rendered":"https:\/\/comexbrindes.com.br\/site\/?post_type=product&#038;p=6201"},"modified":"2026-01-27T13:39:50","modified_gmt":"2026-01-27T13:39:50","slug":"porta-joias-couro-sintetico-zbx-38310","status":"publish","type":"product","link":"https:\/\/comexbrindes.com.br\/site\/produto\/porta-joias-couro-sintetico-zbx-38310\/","title":{"rendered":"12 PORTA-JOIAS, COURO SINT\u00c9TICO &#8211; BX.38310"},"content":{"rendered":"<ul>\n<li>Porta-joias, couro sint\u00e9tico.<\/li>\n<li>Revestimento aveludado, compartimentos internos para an\u00e9is, brincos, pulseiras e colares.<\/li>\n<li><strong>Tamanho:<\/strong> 16,0 x 11,7 x 6,0 cm.<\/li>\n<li><strong>Cores:<\/strong> rosa salm\u00e3o, preto, branco, lil\u00e1s, amarelo, verde.<\/li>\n<li><strong>Grava\u00e7\u00e3o:<\/strong> tampografia 1 cor na tampa.<\/li>\n<li>Embalagem pl\u00e1stica.<\/li>\n<\/ul>\n<p>&nbsp;<\/p>\n<p>&nbsp;<\/p>\n","protected":false},"excerpt":{"rendered":"<p>Porta-joias, couro sint\u00e9tico. Revestimento aveludado, compartimentos internos para an\u00e9is, brincos, pulseiras e colares. Tamanho: 16,0 x 11,7 x 6,0 cm. Cores: rosa salm\u00e3o, preto, branco, lil\u00e1s, amarelo, verde. Grava\u00e7\u00e3o: tampografia 1 cor na tampa. Embalagem pl\u00e1stica. &nbsp; &nbsp;<\/p>\n","protected":false},"featured_media":6204,"template":"","meta":[],"product_cat":[67],"product_tag":[],"class_list":{"0":"post-6201","1":"product","2":"type-product","3":"status-publish","4":"has-post-thumbnail","6":"product_cat-linha-mulher","8":"first","9":"instock","10":"shipping-taxable","11":"product-type-simple"},"_links":{"self":[{"href":"https:\/\/comexbrindes.com.br\/site\/wp-json\/wp\/v2\/product\/6201","targetHints":{"allow":["GET"]}}],"collection":[{"href":"https:\/\/comexbrindes.com.br\/site\/wp-json\/wp\/v2\/product"}],"about":[{"href":"https:\/\/comexbrindes.com.br\/site\/wp-json\/wp\/v2\/types\/product"}],"version-history":[{"count":4,"href":"https:\/\/comexbrindes.com.br\/site\/wp-json\/wp\/v2\/product\/6201\/revisions"}],"predecessor-version":[{"id":8304,"href":"https:\/\/comexbrindes.com.br\/site\/wp-json\/wp\/v2\/product\/6201\/revisions\/8304"}],"wp:featuredmedia":[{"embeddable":true,"href":"https:\/\/comexbrindes.com.br\/site\/wp-json\/wp\/v2\/media\/6204"}],"wp:attachment":[{"href":"https:\/\/comexbrindes.com.br\/site\/wp-json\/wp\/v2\/media?parent=6201"}],"wp:term":[{"taxonomy":"product_cat","embeddable":true,"href":"https:\/\/comexbrindes.com.br\/site\/wp-json\/wp\/v2\/product_cat?post=6201"},{"taxonomy":"product_tag","embeddable":true,"href":"https:\/\/comexbrindes.com.br\/site\/wp-json\/wp\/v2\/product_tag?post=6201"}],"curies":[{"name":"wp","href":"https:\/\/api.w.org\/{rel}","templated":true}]}}