{"id":6196,"date":"2025-01-08T13:02:42","date_gmt":"2025-01-08T13:02:42","guid":{"rendered":"https:\/\/comexbrindes.com.br\/site\/?post_type=product&#038;p=6196"},"modified":"2026-01-27T13:37:08","modified_gmt":"2026-01-27T13:37:08","slug":"porta-joias-couro-sintetico-zbx-47010","status":"publish","type":"product","link":"https:\/\/comexbrindes.com.br\/site\/produto\/porta-joias-couro-sintetico-zbx-47010\/","title":{"rendered":"11 PORTA-JOIAS, COURO SINT\u00c9TICO &#8211; BX.47010"},"content":{"rendered":"<ul>\n<li>Porta-joias, couro sint\u00e9tico.<\/li>\n<li>Revestimento aveludado, compartimentos internos para an\u00e9is, brincos, pulseiras e colares.<\/li>\n<li><strong>Tamanho:<\/strong> 11,8 x 8,9 x 5,6 cm.<\/li>\n<li><strong>Cores:<\/strong> azul claro, creme, lil\u00e1s, rosa claro e pink.<\/li>\n<li><strong>Grava\u00e7\u00e3o:<\/strong> tampografia 1 cor na tampa.<\/li>\n<li>Embalagem pl\u00e1stica.<\/li>\n<\/ul>\n<p>&nbsp;<\/p>\n","protected":false},"excerpt":{"rendered":"<p>Porta-joias, couro sint\u00e9tico. Revestimento aveludado, compartimentos internos para an\u00e9is, brincos, pulseiras e colares. Tamanho: 11,8 x 8,9 x 5,6 cm. Cores: azul claro, creme, lil\u00e1s, rosa claro e pink. Grava\u00e7\u00e3o: tampografia 1 cor na tampa. Embalagem pl\u00e1stica. &nbsp;<\/p>\n","protected":false},"featured_media":7633,"template":"","meta":[],"product_cat":[67],"product_tag":[],"class_list":{"0":"post-6196","1":"product","2":"type-product","3":"status-publish","4":"has-post-thumbnail","6":"product_cat-linha-mulher","8":"first","9":"instock","10":"shipping-taxable","11":"product-type-simple"},"_links":{"self":[{"href":"https:\/\/comexbrindes.com.br\/site\/wp-json\/wp\/v2\/product\/6196","targetHints":{"allow":["GET"]}}],"collection":[{"href":"https:\/\/comexbrindes.com.br\/site\/wp-json\/wp\/v2\/product"}],"about":[{"href":"https:\/\/comexbrindes.com.br\/site\/wp-json\/wp\/v2\/types\/product"}],"version-history":[{"count":5,"href":"https:\/\/comexbrindes.com.br\/site\/wp-json\/wp\/v2\/product\/6196\/revisions"}],"predecessor-version":[{"id":8303,"href":"https:\/\/comexbrindes.com.br\/site\/wp-json\/wp\/v2\/product\/6196\/revisions\/8303"}],"wp:featuredmedia":[{"embeddable":true,"href":"https:\/\/comexbrindes.com.br\/site\/wp-json\/wp\/v2\/media\/7633"}],"wp:attachment":[{"href":"https:\/\/comexbrindes.com.br\/site\/wp-json\/wp\/v2\/media?parent=6196"}],"wp:term":[{"taxonomy":"product_cat","embeddable":true,"href":"https:\/\/comexbrindes.com.br\/site\/wp-json\/wp\/v2\/product_cat?post=6196"},{"taxonomy":"product_tag","embeddable":true,"href":"https:\/\/comexbrindes.com.br\/site\/wp-json\/wp\/v2\/product_tag?post=6196"}],"curies":[{"name":"wp","href":"https:\/\/api.w.org\/{rel}","templated":true}]}}