{"id":6184,"date":"2025-01-08T12:11:19","date_gmt":"2025-01-08T12:11:19","guid":{"rendered":"https:\/\/comexbrindes.com.br\/site\/?post_type=product&#038;p=6184"},"modified":"2026-02-04T17:59:18","modified_gmt":"2026-02-04T17:59:18","slug":"porta-joias-couro-sintetico-zbx-61710","status":"publish","type":"product","link":"https:\/\/comexbrindes.com.br\/site\/produto\/porta-joias-couro-sintetico-zbx-61710\/","title":{"rendered":"18 PORTA-JOIAS, COURO SINT\u00c9TICO &#8211; BX.61710"},"content":{"rendered":"<ul>\n<li>Porta-joias, couro sint\u00e9tico.<\/li>\n<li>Revestimento aveludado.<\/li>\n<li>Compartimentos internos para an\u00e9is, brincos, pulseiras e colares.<\/li>\n<li><strong>Tamanho:<\/strong> 10,4 x 9,4 x 6,4 cm.<\/li>\n<li><strong>Cores:<\/strong> rosa, preto, branco, pink, verde.<\/li>\n<li><strong>Grava\u00e7\u00e3o:<\/strong> tampografia 1 cor na tampa.<\/li>\n<li>Embalagem pl\u00e1stica.<\/li>\n<\/ul>\n<p>&nbsp;<\/p>\n<p>&nbsp;<\/p>\n","protected":false},"excerpt":{"rendered":"<p>Porta-joias, couro sint\u00e9tico. Revestimento aveludado. Compartimentos internos para an\u00e9is, brincos, pulseiras e colares. Tamanho: 10,4 x 9,4 x 6,4 cm. Cores: rosa, preto, branco, pink, verde. Grava\u00e7\u00e3o: tampografia 1 cor na tampa. Embalagem pl\u00e1stica. &nbsp; &nbsp;<\/p>\n","protected":false},"featured_media":7636,"template":"","meta":[],"product_cat":[67],"product_tag":[],"class_list":{"0":"post-6184","1":"product","2":"type-product","3":"status-publish","4":"has-post-thumbnail","6":"product_cat-linha-mulher","8":"first","9":"instock","10":"shipping-taxable","11":"product-type-simple"},"_links":{"self":[{"href":"https:\/\/comexbrindes.com.br\/site\/wp-json\/wp\/v2\/product\/6184","targetHints":{"allow":["GET"]}}],"collection":[{"href":"https:\/\/comexbrindes.com.br\/site\/wp-json\/wp\/v2\/product"}],"about":[{"href":"https:\/\/comexbrindes.com.br\/site\/wp-json\/wp\/v2\/types\/product"}],"version-history":[{"count":6,"href":"https:\/\/comexbrindes.com.br\/site\/wp-json\/wp\/v2\/product\/6184\/revisions"}],"predecessor-version":[{"id":8372,"href":"https:\/\/comexbrindes.com.br\/site\/wp-json\/wp\/v2\/product\/6184\/revisions\/8372"}],"wp:featuredmedia":[{"embeddable":true,"href":"https:\/\/comexbrindes.com.br\/site\/wp-json\/wp\/v2\/media\/7636"}],"wp:attachment":[{"href":"https:\/\/comexbrindes.com.br\/site\/wp-json\/wp\/v2\/media?parent=6184"}],"wp:term":[{"taxonomy":"product_cat","embeddable":true,"href":"https:\/\/comexbrindes.com.br\/site\/wp-json\/wp\/v2\/product_cat?post=6184"},{"taxonomy":"product_tag","embeddable":true,"href":"https:\/\/comexbrindes.com.br\/site\/wp-json\/wp\/v2\/product_tag?post=6184"}],"curies":[{"name":"wp","href":"https:\/\/api.w.org\/{rel}","templated":true}]}}