{"id":6138,"date":"2025-01-07T19:27:47","date_gmt":"2025-01-07T19:27:47","guid":{"rendered":"https:\/\/comexbrindes.com.br\/site\/?post_type=product&#038;p=6138"},"modified":"2025-11-10T19:59:38","modified_gmt":"2025-11-10T19:59:38","slug":"necessaire-em-poliester-bolso-lateral-alca-ziper-as-601-en","status":"publish","type":"product","link":"https:\/\/comexbrindes.com.br\/site\/produto\/necessaire-em-poliester-bolso-lateral-alca-ziper-as-601-en\/","title":{"rendered":"06 NECESSAIRE EM POLI\u00c9STER, BOLSO LATERAL &#8211; AS.601.EN"},"content":{"rendered":"<ul>\n<li>Necessaire em poli\u00e9ster<\/li>\n<li>Al\u00e7a e z\u00edper<\/li>\n<li>Bolso externo com z\u00edper<\/li>\n<li><strong>Tamanho:<\/strong> 13 x 24 x 11 cm<\/li>\n<li><strong>Cor<\/strong> cinza<\/li>\n<li><strong>Grava\u00e7\u00e3o:<\/strong> tampografia 1 cor, 1 lado<\/li>\n<li>Embalagem saco pl\u00e1stico<\/li>\n<\/ul>\n","protected":false},"excerpt":{"rendered":"<p>Necessaire em poli\u00e9ster Al\u00e7a e z\u00edper Bolso externo com z\u00edper Tamanho: 13 x 24 x 11 cm Cor cinza Grava\u00e7\u00e3o: tampografia 1 cor, 1 lado Embalagem saco pl\u00e1stico<\/p>\n","protected":false},"featured_media":7336,"template":"","meta":[],"product_cat":[67],"product_tag":[],"class_list":{"0":"post-6138","1":"product","2":"type-product","3":"status-publish","4":"has-post-thumbnail","6":"product_cat-linha-mulher","8":"first","9":"instock","10":"shipping-taxable","11":"product-type-simple"},"_links":{"self":[{"href":"https:\/\/comexbrindes.com.br\/site\/wp-json\/wp\/v2\/product\/6138","targetHints":{"allow":["GET"]}}],"collection":[{"href":"https:\/\/comexbrindes.com.br\/site\/wp-json\/wp\/v2\/product"}],"about":[{"href":"https:\/\/comexbrindes.com.br\/site\/wp-json\/wp\/v2\/types\/product"}],"version-history":[{"count":5,"href":"https:\/\/comexbrindes.com.br\/site\/wp-json\/wp\/v2\/product\/6138\/revisions"}],"predecessor-version":[{"id":8071,"href":"https:\/\/comexbrindes.com.br\/site\/wp-json\/wp\/v2\/product\/6138\/revisions\/8071"}],"wp:featuredmedia":[{"embeddable":true,"href":"https:\/\/comexbrindes.com.br\/site\/wp-json\/wp\/v2\/media\/7336"}],"wp:attachment":[{"href":"https:\/\/comexbrindes.com.br\/site\/wp-json\/wp\/v2\/media?parent=6138"}],"wp:term":[{"taxonomy":"product_cat","embeddable":true,"href":"https:\/\/comexbrindes.com.br\/site\/wp-json\/wp\/v2\/product_cat?post=6138"},{"taxonomy":"product_tag","embeddable":true,"href":"https:\/\/comexbrindes.com.br\/site\/wp-json\/wp\/v2\/product_tag?post=6138"}],"curies":[{"name":"wp","href":"https:\/\/api.w.org\/{rel}","templated":true}]}}