{"id":6132,"date":"2025-01-07T18:07:54","date_gmt":"2025-01-07T18:07:54","guid":{"rendered":"https:\/\/comexbrindes.com.br\/site\/?post_type=product&#038;p=6132"},"modified":"2025-11-10T20:03:00","modified_gmt":"2025-11-10T20:03:00","slug":"necessaire-em-nylon-debrum-colorido-ziper-duplo-com-tirante-as-001-en","status":"publish","type":"product","link":"https:\/\/comexbrindes.com.br\/site\/produto\/necessaire-em-nylon-debrum-colorido-ziper-duplo-com-tirante-as-001-en\/","title":{"rendered":"08 NECESSAIRE EM NYLON, DEBRUM COLORIDO, Z\u00cdPER DUPLO &#8211; AS.001.EN"},"content":{"rendered":"<ul>\n<li>Necessaire em nylon, debrum colorido<\/li>\n<li>Tecido poli\u00e9ster 600<\/li>\n<li>Cursor duplo para fechamento com al\u00e7a<\/li>\n<li>Trava com velcro<\/li>\n<li>Al\u00e7a de m\u00e3o<\/li>\n<li>Detalhe colorido em azul, vermelho e preto<\/li>\n<li><strong>Tamanho:<\/strong>\u00a027 x 18 x 15 cm<\/li>\n<li><strong>Grava\u00e7\u00e3o:<\/strong> tampografia 1 cor, 1 lado<\/li>\n<li>Embalagem saco pl\u00e1stico<\/li>\n<\/ul>\n<p>&nbsp;<\/p>\n<p>&nbsp;<\/p>\n","protected":false},"excerpt":{"rendered":"<p>Necessaire em nylon, debrum colorido Tecido poli\u00e9ster 600 Cursor duplo para fechamento com al\u00e7a Trava com velcro Al\u00e7a de m\u00e3o Detalhe colorido em azul, vermelho e preto Tamanho:\u00a027 x 18 x 15 cm Grava\u00e7\u00e3o: tampografia 1 cor, 1 lado Embalagem saco pl\u00e1stico &nbsp; &nbsp;<\/p>\n","protected":false},"featured_media":7339,"template":"","meta":[],"product_cat":[67],"product_tag":[],"class_list":{"0":"post-6132","1":"product","2":"type-product","3":"status-publish","4":"has-post-thumbnail","6":"product_cat-linha-mulher","8":"first","9":"instock","10":"shipping-taxable","11":"product-type-simple"},"_links":{"self":[{"href":"https:\/\/comexbrindes.com.br\/site\/wp-json\/wp\/v2\/product\/6132","targetHints":{"allow":["GET"]}}],"collection":[{"href":"https:\/\/comexbrindes.com.br\/site\/wp-json\/wp\/v2\/product"}],"about":[{"href":"https:\/\/comexbrindes.com.br\/site\/wp-json\/wp\/v2\/types\/product"}],"version-history":[{"count":4,"href":"https:\/\/comexbrindes.com.br\/site\/wp-json\/wp\/v2\/product\/6132\/revisions"}],"predecessor-version":[{"id":8072,"href":"https:\/\/comexbrindes.com.br\/site\/wp-json\/wp\/v2\/product\/6132\/revisions\/8072"}],"wp:featuredmedia":[{"embeddable":true,"href":"https:\/\/comexbrindes.com.br\/site\/wp-json\/wp\/v2\/media\/7339"}],"wp:attachment":[{"href":"https:\/\/comexbrindes.com.br\/site\/wp-json\/wp\/v2\/media?parent=6132"}],"wp:term":[{"taxonomy":"product_cat","embeddable":true,"href":"https:\/\/comexbrindes.com.br\/site\/wp-json\/wp\/v2\/product_cat?post=6132"},{"taxonomy":"product_tag","embeddable":true,"href":"https:\/\/comexbrindes.com.br\/site\/wp-json\/wp\/v2\/product_tag?post=6132"}],"curies":[{"name":"wp","href":"https:\/\/api.w.org\/{rel}","templated":true}]}}