{"id":6122,"date":"2025-01-07T17:22:52","date_gmt":"2025-01-07T17:22:52","guid":{"rendered":"https:\/\/comexbrindes.com.br\/site\/?post_type=product&#038;p=6122"},"modified":"2025-08-12T17:38:33","modified_gmt":"2025-08-12T17:38:33","slug":"necessaire-em-couro-sintetico-alca-e-ziper-gravacao-tampografia-1-cor-as-102-en","status":"publish","type":"product","link":"https:\/\/comexbrindes.com.br\/site\/produto\/necessaire-em-couro-sintetico-alca-e-ziper-gravacao-tampografia-1-cor-as-102-en\/","title":{"rendered":"07 NECESSAIRE EM COURO SINT\u00c9TICO, AL\u00c7A E Z\u00cdPER &#8211; AS.102.EN"},"content":{"rendered":"<ul>\n<li>Necessaire em couro sint\u00e9tico<\/li>\n<li>Tecido externo e forro sint\u00e9tico Bidim<\/li>\n<li>Al\u00e7a lateral e z\u00edper<\/li>\n<li><strong>Tamanho:<\/strong> 33 x 47 x 38 cm<\/li>\n<li><strong>Cores<\/strong>: preto, preto com detalhe azul<\/li>\n<li><strong>Grava\u00e7\u00e3o<\/strong> tampografia 1 cor, 1 lado<\/li>\n<li>Embalagem saco pl\u00e1stico<\/li>\n<\/ul>\n<p>&nbsp;<\/p>\n<p>&nbsp;<\/p>\n","protected":false},"excerpt":{"rendered":"<p>Necessaire em couro sint\u00e9tico Tecido externo e forro sint\u00e9tico Bidim Al\u00e7a lateral e z\u00edper Tamanho: 33 x 47 x 38 cm Cores: preto, preto com detalhe azul Grava\u00e7\u00e3o tampografia 1 cor, 1 lado Embalagem saco pl\u00e1stico &nbsp; &nbsp;<\/p>\n","protected":false},"featured_media":7342,"template":"","meta":[],"product_cat":[67],"product_tag":[],"class_list":{"0":"post-6122","1":"product","2":"type-product","3":"status-publish","4":"has-post-thumbnail","6":"product_cat-linha-mulher","8":"first","9":"instock","10":"shipping-taxable","11":"product-type-simple"},"_links":{"self":[{"href":"https:\/\/comexbrindes.com.br\/site\/wp-json\/wp\/v2\/product\/6122","targetHints":{"allow":["GET"]}}],"collection":[{"href":"https:\/\/comexbrindes.com.br\/site\/wp-json\/wp\/v2\/product"}],"about":[{"href":"https:\/\/comexbrindes.com.br\/site\/wp-json\/wp\/v2\/types\/product"}],"version-history":[{"count":4,"href":"https:\/\/comexbrindes.com.br\/site\/wp-json\/wp\/v2\/product\/6122\/revisions"}],"predecessor-version":[{"id":6251,"href":"https:\/\/comexbrindes.com.br\/site\/wp-json\/wp\/v2\/product\/6122\/revisions\/6251"}],"wp:featuredmedia":[{"embeddable":true,"href":"https:\/\/comexbrindes.com.br\/site\/wp-json\/wp\/v2\/media\/7342"}],"wp:attachment":[{"href":"https:\/\/comexbrindes.com.br\/site\/wp-json\/wp\/v2\/media?parent=6122"}],"wp:term":[{"taxonomy":"product_cat","embeddable":true,"href":"https:\/\/comexbrindes.com.br\/site\/wp-json\/wp\/v2\/product_cat?post=6122"},{"taxonomy":"product_tag","embeddable":true,"href":"https:\/\/comexbrindes.com.br\/site\/wp-json\/wp\/v2\/product_tag?post=6122"}],"curies":[{"name":"wp","href":"https:\/\/api.w.org\/{rel}","templated":true}]}}