{"id":6025,"date":"2024-12-05T13:54:28","date_gmt":"2024-12-05T13:54:28","guid":{"rendered":"https:\/\/comexbrindes.com.br\/site\/?post_type=product&#038;p=6025"},"modified":"2026-01-23T20:16:39","modified_gmt":"2026-01-23T20:16:39","slug":"03-bloco-de-anotacoes-pautado-post-it-dac-001","status":"publish","type":"product","link":"https:\/\/comexbrindes.com.br\/site\/produto\/03-bloco-de-anotacoes-pautado-post-it-dac-001\/","title":{"rendered":"03 BLOCO DE ANOTA\u00c7\u00d5ES PAUTADO &#8211; AS.001.A5"},"content":{"rendered":"<ul>\n<li>Bloco de anota\u00e7\u00f5es pautado, capa couro sint\u00e9tico<\/li>\n<li>80 folhas brancas, marcadores post-it coloridos, encaixe para caneta<\/li>\n<li><strong>Tamanho:<\/strong> 21 x 15,5 cm<\/li>\n<li><strong>Cores:<\/strong> azul, marrom e preto<\/li>\n<li><strong>Grava\u00e7\u00e3o:<\/strong> tampografia 1 cor, 1 posi\u00e7\u00e3o<\/li>\n<li>Embalagem saco pl\u00e1stico (unit\u00e1rio)<\/li>\n<\/ul>\n","protected":false},"excerpt":{"rendered":"<p>Bloco de anota\u00e7\u00f5es pautado, capa couro sint\u00e9tico 80 folhas brancas, marcadores post-it coloridos, encaixe para caneta Tamanho: 21 x 15,5 cm Cores: azul, marrom e preto Grava\u00e7\u00e3o: tampografia 1 cor, 1 posi\u00e7\u00e3o Embalagem saco pl\u00e1stico (unit\u00e1rio)<\/p>\n","protected":false},"featured_media":6991,"template":"","meta":[],"product_cat":[56],"product_tag":[],"class_list":{"0":"post-6025","1":"product","2":"type-product","3":"status-publish","4":"has-post-thumbnail","6":"product_cat-blocos","8":"first","9":"instock","10":"shipping-taxable","11":"product-type-simple"},"_links":{"self":[{"href":"https:\/\/comexbrindes.com.br\/site\/wp-json\/wp\/v2\/product\/6025","targetHints":{"allow":["GET"]}}],"collection":[{"href":"https:\/\/comexbrindes.com.br\/site\/wp-json\/wp\/v2\/product"}],"about":[{"href":"https:\/\/comexbrindes.com.br\/site\/wp-json\/wp\/v2\/types\/product"}],"version-history":[{"count":4,"href":"https:\/\/comexbrindes.com.br\/site\/wp-json\/wp\/v2\/product\/6025\/revisions"}],"predecessor-version":[{"id":8249,"href":"https:\/\/comexbrindes.com.br\/site\/wp-json\/wp\/v2\/product\/6025\/revisions\/8249"}],"wp:featuredmedia":[{"embeddable":true,"href":"https:\/\/comexbrindes.com.br\/site\/wp-json\/wp\/v2\/media\/6991"}],"wp:attachment":[{"href":"https:\/\/comexbrindes.com.br\/site\/wp-json\/wp\/v2\/media?parent=6025"}],"wp:term":[{"taxonomy":"product_cat","embeddable":true,"href":"https:\/\/comexbrindes.com.br\/site\/wp-json\/wp\/v2\/product_cat?post=6025"},{"taxonomy":"product_tag","embeddable":true,"href":"https:\/\/comexbrindes.com.br\/site\/wp-json\/wp\/v2\/product_tag?post=6025"}],"curies":[{"name":"wp","href":"https:\/\/api.w.org\/{rel}","templated":true}]}}