{"id":6020,"date":"2024-12-05T13:32:16","date_gmt":"2024-12-05T13:32:16","guid":{"rendered":"https:\/\/comexbrindes.com.br\/site\/?post_type=product&#038;p=6020"},"modified":"2025-12-03T18:15:38","modified_gmt":"2025-12-03T18:15:38","slug":"01-porta-bloco-executivo-premium-couro-sintetico-com-caneta-esfero-metal-in-0851","status":"publish","type":"product","link":"https:\/\/comexbrindes.com.br\/site\/produto\/01-porta-bloco-executivo-premium-couro-sintetico-com-caneta-esfero-metal-in-0851\/","title":{"rendered":"01 PORTA BLOCO EXECUTIVO PREMIUM COURO SINT\u00c9TICO &#8211; IN.0851"},"content":{"rendered":"<ul>\n<li>Porta bloco executivo premium couro sint\u00e9tico<\/li>\n<li>Pedido m\u00ednimo 50 unidades<\/li>\n<li>Ferragem metal cromado com duas argolas<\/li>\n<li>Porta caneta<\/li>\n<li>Acompanha caneta BX.102-RE<\/li>\n<li>Miolo impresso com marca d&#8217;agua, 150 folhas brancas<\/li>\n<li>Acompanha caixa kraft<\/li>\n<li><strong>Cores:<\/strong> marrom (bord\u00f4), azul marinho e preto<\/li>\n<li><strong>Tamanho:<\/strong> 23,5 x 17,5 x 2,8 cm<\/li>\n<li><strong>Grava\u00e7\u00e3o:<\/strong> baixo relevo na capa + laser na caneta<br \/>\nAs duas grava\u00e7\u00f5es apenas um lado<\/li>\n<\/ul>\n","protected":false},"excerpt":{"rendered":"<p>Porta bloco executivo premium couro sint\u00e9tico Pedido m\u00ednimo 50 unidades Ferragem metal cromado com duas argolas Porta caneta Acompanha caneta BX.102-RE Miolo impresso com marca d&#8217;agua, 150 folhas brancas Acompanha caixa kraft Cores: marrom (bord\u00f4), azul marinho e preto Tamanho: 23,5 x 17,5 x 2,8 cm Grava\u00e7\u00e3o: baixo relevo na capa + laser na caneta [&hellip;]<\/p>\n","protected":false},"featured_media":8095,"template":"","meta":[],"product_cat":[56],"product_tag":[],"class_list":{"0":"post-6020","1":"product","2":"type-product","3":"status-publish","4":"has-post-thumbnail","6":"product_cat-blocos","8":"first","9":"instock","10":"shipping-taxable","11":"product-type-simple"},"_links":{"self":[{"href":"https:\/\/comexbrindes.com.br\/site\/wp-json\/wp\/v2\/product\/6020","targetHints":{"allow":["GET"]}}],"collection":[{"href":"https:\/\/comexbrindes.com.br\/site\/wp-json\/wp\/v2\/product"}],"about":[{"href":"https:\/\/comexbrindes.com.br\/site\/wp-json\/wp\/v2\/types\/product"}],"version-history":[{"count":4,"href":"https:\/\/comexbrindes.com.br\/site\/wp-json\/wp\/v2\/product\/6020\/revisions"}],"predecessor-version":[{"id":8096,"href":"https:\/\/comexbrindes.com.br\/site\/wp-json\/wp\/v2\/product\/6020\/revisions\/8096"}],"wp:featuredmedia":[{"embeddable":true,"href":"https:\/\/comexbrindes.com.br\/site\/wp-json\/wp\/v2\/media\/8095"}],"wp:attachment":[{"href":"https:\/\/comexbrindes.com.br\/site\/wp-json\/wp\/v2\/media?parent=6020"}],"wp:term":[{"taxonomy":"product_cat","embeddable":true,"href":"https:\/\/comexbrindes.com.br\/site\/wp-json\/wp\/v2\/product_cat?post=6020"},{"taxonomy":"product_tag","embeddable":true,"href":"https:\/\/comexbrindes.com.br\/site\/wp-json\/wp\/v2\/product_tag?post=6020"}],"curies":[{"name":"wp","href":"https:\/\/api.w.org\/{rel}","templated":true}]}}