{"id":5709,"date":"2024-11-22T18:08:17","date_gmt":"2024-11-22T18:08:17","guid":{"rendered":"https:\/\/comexbrindes.com.br\/site\/?post_type=product&#038;p=5709"},"modified":"2025-08-15T19:10:32","modified_gmt":"2025-08-15T19:10:32","slug":"caneta-executiva-metal-clip-brilhante-as-b-1011-mc","status":"publish","type":"product","link":"https:\/\/comexbrindes.com.br\/site\/produto\/caneta-executiva-metal-clip-brilhante-as-b-1011-mc\/","title":{"rendered":"13 CANETA EXECUTIVA METAL CLIP BRILHANTE &#8211; AS.1011-B"},"content":{"rendered":"<ul>\n<li>Caneta executiva metal clip brilhante.<\/li>\n<li>Escrita azul.<\/li>\n<li><strong>Cores:<\/strong> Preto e branco.<\/li>\n<li><strong>Tamanho:<\/strong> 14,0 x \u00f81,7 cm.<\/li>\n<li><strong>Grava\u00e7\u00e3o<\/strong> a laser em um lado.<\/li>\n<\/ul>\n<p>&nbsp;<\/p>\n","protected":false},"excerpt":{"rendered":"<p>Caneta executiva metal clip brilhante. Escrita azul. Cores: Preto e branco. Tamanho: 14,0 x \u00f81,7 cm. Grava\u00e7\u00e3o a laser em um lado. &nbsp;<\/p>\n","protected":false},"featured_media":7450,"template":"","meta":[],"product_cat":[74],"product_tag":[],"class_list":{"0":"post-5709","1":"product","2":"type-product","3":"status-publish","4":"has-post-thumbnail","6":"product_cat-canetas-executivas","8":"first","9":"instock","10":"shipping-taxable","11":"product-type-simple"},"_links":{"self":[{"href":"https:\/\/comexbrindes.com.br\/site\/wp-json\/wp\/v2\/product\/5709","targetHints":{"allow":["GET"]}}],"collection":[{"href":"https:\/\/comexbrindes.com.br\/site\/wp-json\/wp\/v2\/product"}],"about":[{"href":"https:\/\/comexbrindes.com.br\/site\/wp-json\/wp\/v2\/types\/product"}],"version-history":[{"count":4,"href":"https:\/\/comexbrindes.com.br\/site\/wp-json\/wp\/v2\/product\/5709\/revisions"}],"predecessor-version":[{"id":7449,"href":"https:\/\/comexbrindes.com.br\/site\/wp-json\/wp\/v2\/product\/5709\/revisions\/7449"}],"wp:featuredmedia":[{"embeddable":true,"href":"https:\/\/comexbrindes.com.br\/site\/wp-json\/wp\/v2\/media\/7450"}],"wp:attachment":[{"href":"https:\/\/comexbrindes.com.br\/site\/wp-json\/wp\/v2\/media?parent=5709"}],"wp:term":[{"taxonomy":"product_cat","embeddable":true,"href":"https:\/\/comexbrindes.com.br\/site\/wp-json\/wp\/v2\/product_cat?post=5709"},{"taxonomy":"product_tag","embeddable":true,"href":"https:\/\/comexbrindes.com.br\/site\/wp-json\/wp\/v2\/product_tag?post=5709"}],"curies":[{"name":"wp","href":"https:\/\/api.w.org\/{rel}","templated":true}]}}