{"id":5666,"date":"2024-11-18T17:45:53","date_gmt":"2024-11-18T17:45:53","guid":{"rendered":"https:\/\/comexbrindes.com.br\/site\/?post_type=product&#038;p=5666"},"modified":"2025-08-15T12:48:07","modified_gmt":"2025-08-15T12:48:07","slug":"caneta-executiva-roller-metal-as-r-0362-mc","status":"publish","type":"product","link":"https:\/\/comexbrindes.com.br\/site\/produto\/caneta-executiva-roller-metal-as-r-0362-mc\/","title":{"rendered":"04 CANETA EXECUTIVA ROLLER METAL &#8211; AS.0362-R"},"content":{"rendered":"<ul>\n<li>Caneta executiva roller metal.<\/li>\n<li>Escrita azul.<\/li>\n<li><strong>Cor:<\/strong> cinza chumbo, detalhe quadriculado.<\/li>\n<li><strong>Tamanho:<\/strong> 14,0 x \u00f81,3 cm.<\/li>\n<li><strong>Grava\u00e7\u00e3o<\/strong> a laser, 1 lado.<\/li>\n<\/ul>\n<p>&nbsp;<\/p>\n<p>&nbsp;<\/p>\n<p>&nbsp;<\/p>\n","protected":false},"excerpt":{"rendered":"<p>Caneta executiva roller metal. Escrita azul. Cor: cinza chumbo, detalhe quadriculado. Tamanho: 14,0 x \u00f81,3 cm. Grava\u00e7\u00e3o a laser, 1 lado. &nbsp; &nbsp; &nbsp;<\/p>\n","protected":false},"featured_media":7423,"template":"","meta":[],"product_cat":[74],"product_tag":[],"class_list":{"0":"post-5666","1":"product","2":"type-product","3":"status-publish","4":"has-post-thumbnail","6":"product_cat-canetas-executivas","8":"first","9":"instock","10":"shipping-taxable","11":"product-type-simple"},"_links":{"self":[{"href":"https:\/\/comexbrindes.com.br\/site\/wp-json\/wp\/v2\/product\/5666","targetHints":{"allow":["GET"]}}],"collection":[{"href":"https:\/\/comexbrindes.com.br\/site\/wp-json\/wp\/v2\/product"}],"about":[{"href":"https:\/\/comexbrindes.com.br\/site\/wp-json\/wp\/v2\/types\/product"}],"version-history":[{"count":6,"href":"https:\/\/comexbrindes.com.br\/site\/wp-json\/wp\/v2\/product\/5666\/revisions"}],"predecessor-version":[{"id":7424,"href":"https:\/\/comexbrindes.com.br\/site\/wp-json\/wp\/v2\/product\/5666\/revisions\/7424"}],"wp:featuredmedia":[{"embeddable":true,"href":"https:\/\/comexbrindes.com.br\/site\/wp-json\/wp\/v2\/media\/7423"}],"wp:attachment":[{"href":"https:\/\/comexbrindes.com.br\/site\/wp-json\/wp\/v2\/media?parent=5666"}],"wp:term":[{"taxonomy":"product_cat","embeddable":true,"href":"https:\/\/comexbrindes.com.br\/site\/wp-json\/wp\/v2\/product_cat?post=5666"},{"taxonomy":"product_tag","embeddable":true,"href":"https:\/\/comexbrindes.com.br\/site\/wp-json\/wp\/v2\/product_tag?post=5666"}],"curies":[{"name":"wp","href":"https:\/\/api.w.org\/{rel}","templated":true}]}}