{"id":5461,"date":"2024-11-06T18:09:19","date_gmt":"2024-11-06T18:09:19","guid":{"rendered":"https:\/\/comexbrindes.com.br\/site\/?post_type=product&#038;p=5461"},"modified":"2026-01-23T20:51:42","modified_gmt":"2026-01-23T20:51:42","slug":"bolsa-termica-nylon-10-l-zbx-82640","status":"publish","type":"product","link":"https:\/\/comexbrindes.com.br\/site\/produto\/bolsa-termica-nylon-10-l-zbx-82640\/","title":{"rendered":"05 BOLSA T\u00c9RMICA, 10 L &#8211; BX.82640"},"content":{"rendered":"<ul>\n<li>Bolsa t\u00e9rmica, 10L, nylon<\/li>\n<li>Bolso frontal fechamento com z\u00edper<\/li>\n<li>2 compartimentos e bolsos laterais em malha<\/li>\n<li>Compartimento principal com revestimento t\u00e9rmico<\/li>\n<li>Acompanha al\u00e7a transversal para ombro<\/li>\n<li><strong>Tamanho: <\/strong>20 x 27 x 18 cm<\/li>\n<li><strong>Cores:<\/strong> cinza, preta, verde, vermelho e azul<\/li>\n<li><strong>Grava\u00e7\u00e3o:<\/strong> tampografia 1 cor, 1 lado<\/li>\n<\/ul>\n<p>&nbsp;<\/p>\n<p>&nbsp;<\/p>\n","protected":false},"excerpt":{"rendered":"<p>Bolsa t\u00e9rmica, 10L, nylon Bolso frontal fechamento com z\u00edper 2 compartimentos e bolsos laterais em malha Compartimento principal com revestimento t\u00e9rmico Acompanha al\u00e7a transversal para ombro Tamanho: 20 x 27 x 18 cm Cores: cinza, preta, verde, vermelho e azul Grava\u00e7\u00e3o: tampografia 1 cor, 1 lado &nbsp; &nbsp;<\/p>\n","protected":false},"featured_media":5465,"template":"","meta":[],"product_cat":[61],"product_tag":[],"class_list":{"0":"post-5461","1":"product","2":"type-product","3":"status-publish","4":"has-post-thumbnail","6":"product_cat-bolsas-termicas","8":"first","9":"instock","10":"shipping-taxable","11":"product-type-simple"},"_links":{"self":[{"href":"https:\/\/comexbrindes.com.br\/site\/wp-json\/wp\/v2\/product\/5461","targetHints":{"allow":["GET"]}}],"collection":[{"href":"https:\/\/comexbrindes.com.br\/site\/wp-json\/wp\/v2\/product"}],"about":[{"href":"https:\/\/comexbrindes.com.br\/site\/wp-json\/wp\/v2\/types\/product"}],"version-history":[{"count":9,"href":"https:\/\/comexbrindes.com.br\/site\/wp-json\/wp\/v2\/product\/5461\/revisions"}],"predecessor-version":[{"id":8257,"href":"https:\/\/comexbrindes.com.br\/site\/wp-json\/wp\/v2\/product\/5461\/revisions\/8257"}],"wp:featuredmedia":[{"embeddable":true,"href":"https:\/\/comexbrindes.com.br\/site\/wp-json\/wp\/v2\/media\/5465"}],"wp:attachment":[{"href":"https:\/\/comexbrindes.com.br\/site\/wp-json\/wp\/v2\/media?parent=5461"}],"wp:term":[{"taxonomy":"product_cat","embeddable":true,"href":"https:\/\/comexbrindes.com.br\/site\/wp-json\/wp\/v2\/product_cat?post=5461"},{"taxonomy":"product_tag","embeddable":true,"href":"https:\/\/comexbrindes.com.br\/site\/wp-json\/wp\/v2\/product_tag?post=5461"}],"curies":[{"name":"wp","href":"https:\/\/api.w.org\/{rel}","templated":true}]}}