{"id":5202,"date":"2024-10-28T17:26:11","date_gmt":"2024-10-28T17:26:11","guid":{"rendered":"https:\/\/comexbrindes.com.br\/site\/?post_type=product&#038;p=5202"},"modified":"2026-01-27T19:57:54","modified_gmt":"2026-01-27T19:57:54","slug":"mala-de-bordo-tradicional-rodas-360o-cadeado-e-senha-as-005-vm","status":"publish","type":"product","link":"https:\/\/comexbrindes.com.br\/site\/produto\/mala-de-bordo-tradicional-rodas-360o-cadeado-e-senha-as-005-vm\/","title":{"rendered":"08 MALA DE BORDO TRADICIONAL &#8211; AS.005.VM"},"content":{"rendered":"<ul>\n<li>Mala de bordo tradicional.<\/li>\n<li>Entrada USB e tipo C ideal para carregamento de smartphones.<\/li>\n<li>Abertura frontal com z\u00edper.<\/li>\n<li>Compartimentos internos.<\/li>\n<li>Al\u00e7a de m\u00e3os.<\/li>\n<li>Puxador retr\u00e1til com regulagem de tamanho.<\/li>\n<li>Rodinhas giro de 360\u00ba.<\/li>\n<li>Cor azul.<\/li>\n<li><strong>Tamanho<\/strong>: 40 x 50 x 21 cm.<\/li>\n<li><strong>Grava\u00e7\u00e3o<\/strong>: laser na plaquinha.<\/li>\n<\/ul>\n<p>&nbsp;<\/p>\n<p>&nbsp;<\/p>\n","protected":false},"excerpt":{"rendered":"<p>Mala de bordo tradicional. Entrada USB e tipo C ideal para carregamento de smartphones. Abertura frontal com z\u00edper. Compartimentos internos. Al\u00e7a de m\u00e3os. Puxador retr\u00e1til com regulagem de tamanho. Rodinhas giro de 360\u00ba. Cor azul. Tamanho: 40 x 50 x 21 cm. Grava\u00e7\u00e3o: laser na plaquinha. &nbsp; &nbsp;<\/p>\n","protected":false},"featured_media":5205,"template":"","meta":[],"product_cat":[68],"product_tag":[],"class_list":{"0":"post-5202","1":"product","2":"type-product","3":"status-publish","4":"has-post-thumbnail","6":"product_cat-malas-mochilas","8":"first","9":"instock","10":"shipping-taxable","11":"product-type-simple"},"_links":{"self":[{"href":"https:\/\/comexbrindes.com.br\/site\/wp-json\/wp\/v2\/product\/5202","targetHints":{"allow":["GET"]}}],"collection":[{"href":"https:\/\/comexbrindes.com.br\/site\/wp-json\/wp\/v2\/product"}],"about":[{"href":"https:\/\/comexbrindes.com.br\/site\/wp-json\/wp\/v2\/types\/product"}],"version-history":[{"count":5,"href":"https:\/\/comexbrindes.com.br\/site\/wp-json\/wp\/v2\/product\/5202\/revisions"}],"predecessor-version":[{"id":8324,"href":"https:\/\/comexbrindes.com.br\/site\/wp-json\/wp\/v2\/product\/5202\/revisions\/8324"}],"wp:featuredmedia":[{"embeddable":true,"href":"https:\/\/comexbrindes.com.br\/site\/wp-json\/wp\/v2\/media\/5205"}],"wp:attachment":[{"href":"https:\/\/comexbrindes.com.br\/site\/wp-json\/wp\/v2\/media?parent=5202"}],"wp:term":[{"taxonomy":"product_cat","embeddable":true,"href":"https:\/\/comexbrindes.com.br\/site\/wp-json\/wp\/v2\/product_cat?post=5202"},{"taxonomy":"product_tag","embeddable":true,"href":"https:\/\/comexbrindes.com.br\/site\/wp-json\/wp\/v2\/product_tag?post=5202"}],"curies":[{"name":"wp","href":"https:\/\/api.w.org\/{rel}","templated":true}]}}