{"id":5085,"date":"2024-10-17T20:26:38","date_gmt":"2024-10-17T20:26:38","guid":{"rendered":"https:\/\/comexbrindes.com.br\/site\/?post_type=product&#038;p=5085"},"modified":"2025-11-10T20:34:26","modified_gmt":"2025-11-10T20:34:26","slug":"mala-de-bordo-executiva-luxo-rodas-360o-cadeado-e-senha-sp-83129","status":"publish","type":"product","link":"https:\/\/comexbrindes.com.br\/site\/produto\/mala-de-bordo-executiva-luxo-rodas-360o-cadeado-e-senha-sp-83129\/","title":{"rendered":"03 MALA DE BORDO, EXECUTIVA, LUXO &#8211; SP.83129"},"content":{"rendered":"<ul>\n<li>Mala de bordo, executiva, luxo em ABS<\/li>\n<li>Abertura frontal com z\u00edper, cadeado num\u00e9rico<\/li>\n<li>Compartimentos internos, sa\u00edda USB<\/li>\n<li>Al\u00e7a de m\u00e3os, puxador retr\u00e1til com regulagem de tamanho, rodinhas giro de 360\u00ba<\/li>\n<li><strong>Tamanho<\/strong>: 37,0 x 57,0 x 22,0 cm<\/li>\n<li><strong>Grava\u00e7\u00e3o:<\/strong> laser na plaquinha (6,0 x 1,5 cm)<\/li>\n<\/ul>\n<p>&nbsp;<\/p>\n","protected":false},"excerpt":{"rendered":"<p>Mala de bordo, executiva, luxo em ABS Abertura frontal com z\u00edper, cadeado num\u00e9rico Compartimentos internos, sa\u00edda USB Al\u00e7a de m\u00e3os, puxador retr\u00e1til com regulagem de tamanho, rodinhas giro de 360\u00ba Tamanho: 37,0 x 57,0 x 22,0 cm Grava\u00e7\u00e3o: laser na plaquinha (6,0 x 1,5 cm) &nbsp;<\/p>\n","protected":false},"featured_media":5087,"template":"","meta":[],"product_cat":[68],"product_tag":[],"class_list":{"0":"post-5085","1":"product","2":"type-product","3":"status-publish","4":"has-post-thumbnail","6":"product_cat-malas-mochilas","8":"first","9":"instock","10":"shipping-taxable","11":"product-type-simple"},"_links":{"self":[{"href":"https:\/\/comexbrindes.com.br\/site\/wp-json\/wp\/v2\/product\/5085","targetHints":{"allow":["GET"]}}],"collection":[{"href":"https:\/\/comexbrindes.com.br\/site\/wp-json\/wp\/v2\/product"}],"about":[{"href":"https:\/\/comexbrindes.com.br\/site\/wp-json\/wp\/v2\/types\/product"}],"version-history":[{"count":6,"href":"https:\/\/comexbrindes.com.br\/site\/wp-json\/wp\/v2\/product\/5085\/revisions"}],"predecessor-version":[{"id":8076,"href":"https:\/\/comexbrindes.com.br\/site\/wp-json\/wp\/v2\/product\/5085\/revisions\/8076"}],"wp:featuredmedia":[{"embeddable":true,"href":"https:\/\/comexbrindes.com.br\/site\/wp-json\/wp\/v2\/media\/5087"}],"wp:attachment":[{"href":"https:\/\/comexbrindes.com.br\/site\/wp-json\/wp\/v2\/media?parent=5085"}],"wp:term":[{"taxonomy":"product_cat","embeddable":true,"href":"https:\/\/comexbrindes.com.br\/site\/wp-json\/wp\/v2\/product_cat?post=5085"},{"taxonomy":"product_tag","embeddable":true,"href":"https:\/\/comexbrindes.com.br\/site\/wp-json\/wp\/v2\/product_tag?post=5085"}],"curies":[{"name":"wp","href":"https:\/\/api.w.org\/{rel}","templated":true}]}}